{"id":465,"date":"2014-08-22T15:24:47","date_gmt":"2014-08-22T15:24:47","guid":{"rendered":"http:\/\/www.residenzagoldoni.com\/?page_id=465"},"modified":"2020-09-02T08:38:19","modified_gmt":"2020-09-02T08:38:19","slug":"about-2","status":"publish","type":"page","link":"https:\/\/www.hotelnoemi.com\/de\/about-2\/","title":{"rendered":"Das Hotel"},"content":{"rendered":"<p><em><strong>***Der Concierge wird nur tags\u00fcber besetzt sein, da wir in dieser Zeit von Covid einen Self-Check-in-Service mit bedingter Eingabe \u00fcber die elektronische Tastatur implementiert haben, um die Gesundheit von Mitarbeitern und G\u00e4sten zu gew\u00e4hrleisten***<\/strong><\/em><\/p>\n<p>Das Hotel Noemi liegt im Herzen von Venedig nur 50 Meter vom Markusplatz entfernt in einer der Hauptgassen, die Rialto mit San Marco verbinden.<\/p>\n<p>Es verf\u00fcgt \u00fcber elegant im venezianischen Stil des 18. Jahrhunderts eingerichtete Zimmer, die mit modernstem Komfort ausgestattet sind.<\/p>\n<p>Das familiengef\u00fchrte Haus wurde gerade mit besonderer Sorgfalt und Raffinesse renoviert.<\/p>\n<p><strong>SERVICE:<\/strong><\/p>\n<p>\u2022 Free Internet wi-fi<br \/>\n\u2022 <span id=\"result_box\" class=\"short_text\" lang=\"de\"><span class=\"hps\">Rezeption 24 Stunden<\/span><\/span><br \/>\n\u2022 <span id=\"result_box\" class=\"short_text\" lang=\"de\"><span class=\"hps\">F\u00fchrungen und Ausfl\u00fcge<\/span> <span class=\"hps\">buchen<\/span><\/span><\/p>\n<p><em><strong>Bitte beachten Sie, dass f\u00fcr den Fall, dass Sie Ihren Hund w\u00e4hrend Ihres Aufenthalts mitbringen m\u00f6chten, ein Aufpreis von \u20ac 10 pro Nacht berechnet wird. Vielen Dank.<\/strong><\/em><\/p>\n<div id='gallery-1' class='gallery galleryid-465 gallery-columns-4 gallery-size-thumbnail'><figure class='gallery-item'>\n\t\t\t<div class='gallery-icon landscape'>\n\t\t\t\t<a href='https:\/\/www.hotelnoemi.com\/wp-content\/uploads\/2015\/03\/IMG_6605-2.jpg' data-rel=\"prettyPhoto[465]\" data-rel=\"prettyPhoto[465]\"><img loading=\"lazy\" decoding=\"async\" width=\"150\" height=\"150\" src=\"https:\/\/www.hotelnoemi.com\/wp-content\/uploads\/2015\/03\/IMG_6605-2-150x150.jpg\" class=\"attachment-thumbnail size-thumbnail\" alt=\"external view 2\" srcset=\"https:\/\/www.hotelnoemi.com\/wp-content\/uploads\/2015\/03\/IMG_6605-2-150x150.jpg 150w, https:\/\/www.hotelnoemi.com\/wp-content\/uploads\/2015\/03\/IMG_6605-2-100x100.jpg 100w\" sizes=\"auto, (max-width: 150px) 100vw, 150px\" \/><\/a>\n\t\t\t<\/div><\/figure><figure class='gallery-item'>\n\t\t\t<div class='gallery-icon landscape'>\n\t\t\t\t<a href='https:\/\/www.hotelnoemi.com\/wp-content\/uploads\/2015\/03\/IMG_6630.jpg' data-rel=\"prettyPhoto[465]\" data-rel=\"prettyPhoto[465]\"><img loading=\"lazy\" decoding=\"async\" width=\"150\" height=\"150\" src=\"https:\/\/www.hotelnoemi.com\/wp-content\/uploads\/2015\/03\/IMG_6630-150x150.jpg\" class=\"attachment-thumbnail size-thumbnail\" alt=\"entrance hall with main entrance\" srcset=\"https:\/\/www.hotelnoemi.com\/wp-content\/uploads\/2015\/03\/IMG_6630-150x150.jpg 150w, https:\/\/www.hotelnoemi.com\/wp-content\/uploads\/2015\/03\/IMG_6630-100x100.jpg 100w\" sizes=\"auto, (max-width: 150px) 100vw, 150px\" \/><\/a>\n\t\t\t<\/div><\/figure><figure class='gallery-item'>\n\t\t\t<div class='gallery-icon landscape'>\n\t\t\t\t<a href='https:\/\/www.hotelnoemi.com\/wp-content\/uploads\/2015\/03\/IMG_6598.jpg' data-rel=\"prettyPhoto[465]\" data-rel=\"prettyPhoto[465]\"><img loading=\"lazy\" decoding=\"async\" width=\"150\" height=\"150\" src=\"https:\/\/www.hotelnoemi.com\/wp-content\/uploads\/2015\/03\/IMG_6598-150x150.jpg\" class=\"attachment-thumbnail size-thumbnail\" alt=\"hotel noemi scala\" srcset=\"https:\/\/www.hotelnoemi.com\/wp-content\/uploads\/2015\/03\/IMG_6598-150x150.jpg 150w, https:\/\/www.hotelnoemi.com\/wp-content\/uploads\/2015\/03\/IMG_6598-100x100.jpg 100w\" sizes=\"auto, (max-width: 150px) 100vw, 150px\" \/><\/a>\n\t\t\t<\/div><\/figure><figure class='gallery-item'>\n\t\t\t<div class='gallery-icon landscape'>\n\t\t\t\t<a href='https:\/\/www.hotelnoemi.com\/wp-content\/uploads\/2015\/03\/IMG_6568.jpg' data-rel=\"prettyPhoto[465]\" data-rel=\"prettyPhoto[465]\"><img loading=\"lazy\" decoding=\"async\" width=\"150\" height=\"150\" src=\"https:\/\/www.hotelnoemi.com\/wp-content\/uploads\/2015\/03\/IMG_6568-150x150.jpg\" class=\"attachment-thumbnail size-thumbnail\" alt=\"hotel noemi camera oro bianco da vicino\" srcset=\"https:\/\/www.hotelnoemi.com\/wp-content\/uploads\/2015\/03\/IMG_6568-150x150.jpg 150w, https:\/\/www.hotelnoemi.com\/wp-content\/uploads\/2015\/03\/IMG_6568-100x100.jpg 100w\" sizes=\"auto, (max-width: 150px) 100vw, 150px\" \/><\/a>\n\t\t\t<\/div><\/figure><figure class='gallery-item'>\n\t\t\t<div class='gallery-icon landscape'>\n\t\t\t\t<a href='https:\/\/www.hotelnoemi.com\/wp-content\/uploads\/2015\/03\/IMG_6518.jpg' data-rel=\"prettyPhoto[465]\" data-rel=\"prettyPhoto[465]\"><img loading=\"lazy\" decoding=\"async\" width=\"150\" height=\"150\" src=\"https:\/\/www.hotelnoemi.com\/wp-content\/uploads\/2015\/03\/IMG_6518-150x150.jpg\" class=\"attachment-thumbnail size-thumbnail\" alt=\"hotel noemi vista sala e ingresso\" srcset=\"https:\/\/www.hotelnoemi.com\/wp-content\/uploads\/2015\/03\/IMG_6518-150x150.jpg 150w, https:\/\/www.hotelnoemi.com\/wp-content\/uploads\/2015\/03\/IMG_6518-100x100.jpg 100w\" sizes=\"auto, (max-width: 150px) 100vw, 150px\" \/><\/a>\n\t\t\t<\/div><\/figure><figure class='gallery-item'>\n\t\t\t<div class='gallery-icon landscape'>\n\t\t\t\t<a href='https:\/\/www.hotelnoemi.com\/wp-content\/uploads\/2015\/03\/IMG_6512.jpg' data-rel=\"prettyPhoto[465]\" data-rel=\"prettyPhoto[465]\"><img loading=\"lazy\" decoding=\"async\" width=\"150\" height=\"150\" src=\"https:\/\/www.hotelnoemi.com\/wp-content\/uploads\/2015\/03\/IMG_6512-150x150.jpg\" class=\"attachment-thumbnail size-thumbnail\" alt=\"hotel noemi statua indiana\" srcset=\"https:\/\/www.hotelnoemi.com\/wp-content\/uploads\/2015\/03\/IMG_6512-150x150.jpg 150w, https:\/\/www.hotelnoemi.com\/wp-content\/uploads\/2015\/03\/IMG_6512-100x100.jpg 100w\" sizes=\"auto, (max-width: 150px) 100vw, 150px\" \/><\/a>\n\t\t\t<\/div><\/figure><figure class='gallery-item'>\n\t\t\t<div class='gallery-icon landscape'>\n\t\t\t\t<a href='https:\/\/www.hotelnoemi.com\/wp-content\/uploads\/2015\/03\/IMG_5386.jpg' data-rel=\"prettyPhoto[465]\" data-rel=\"prettyPhoto[465]\"><img loading=\"lazy\" decoding=\"async\" width=\"150\" height=\"150\" src=\"https:\/\/www.hotelnoemi.com\/wp-content\/uploads\/2015\/03\/IMG_5386-150x150.jpg\" class=\"attachment-thumbnail size-thumbnail\" alt=\"hotel noemi colazione\" srcset=\"https:\/\/www.hotelnoemi.com\/wp-content\/uploads\/2015\/03\/IMG_5386-150x150.jpg 150w, https:\/\/www.hotelnoemi.com\/wp-content\/uploads\/2015\/03\/IMG_5386-100x100.jpg 100w\" sizes=\"auto, (max-width: 150px) 100vw, 150px\" \/><\/a>\n\t\t\t<\/div><\/figure><figure class='gallery-item'>\n\t\t\t<div class='gallery-icon landscape'>\n\t\t\t\t<a href='https:\/\/www.hotelnoemi.com\/wp-content\/uploads\/2015\/03\/IMG_5346.jpg' data-rel=\"prettyPhoto[465]\" data-rel=\"prettyPhoto[465]\"><img loading=\"lazy\" decoding=\"async\" width=\"150\" height=\"150\" src=\"https:\/\/www.hotelnoemi.com\/wp-content\/uploads\/2015\/03\/IMG_5346-150x150.jpg\" class=\"attachment-thumbnail size-thumbnail\" alt=\"hotel noemi sala colazione 4\" srcset=\"https:\/\/www.hotelnoemi.com\/wp-content\/uploads\/2015\/03\/IMG_5346-150x150.jpg 150w, https:\/\/www.hotelnoemi.com\/wp-content\/uploads\/2015\/03\/IMG_5346-100x100.jpg 100w\" sizes=\"auto, (max-width: 150px) 100vw, 150px\" \/><\/a>\n\t\t\t<\/div><\/figure>\n\t\t<\/div>\n\n","protected":false},"excerpt":{"rendered":"<p>***Der Concierge wird nur tags\u00fcber besetzt sein, da wir in dieser Zeit von Covid einen Self-Check-in-Service mit bedingter Eingabe \u00fcber die elektronische Tastatur implementiert haben, um die Gesundheit von Mitarbeitern und G\u00e4sten zu gew\u00e4hrleisten*** Das Hotel Noemi liegt im Herzen von Venedig nur 50 Meter vom Markusplatz entfernt in einer[&#8230;]<\/p>\n","protected":false},"author":1,"featured_media":1428,"parent":0,"menu_order":0,"comment_status":"closed","ping_status":"closed","template":"","meta":{"_monsterinsights_skip_tracking":false,"_monsterinsights_sitenote_active":false,"_monsterinsights_sitenote_note":"","_monsterinsights_sitenote_category":0,"footnotes":""},"class_list":["post-465","page","type-page","status-publish","has-post-thumbnail","hentry"],"yoast_head":"<!-- This site is optimized with the Yoast SEO plugin v19.13 - https:\/\/yoast.com\/wordpress\/plugins\/seo\/ -->\n<title>Das Hotel - Hotel Noemi<\/title>\n<meta name=\"description\" content=\"Das Hotel Noemi liegt im Herzen von Venedig nur 50 Meter vom Markusplatz entfernt in einer der Hauptgassen, die Rialto mit San Marco verbinden.\" \/>\n<meta name=\"robots\" content=\"index, follow, max-snippet:-1, max-image-preview:large, max-video-preview:-1\" \/>\n<link rel=\"canonical\" href=\"https:\/\/www.hotelnoemi.com\/de\/about-2\/\" \/>\n<meta property=\"og:locale\" content=\"de_DE\" \/>\n<meta property=\"og:type\" content=\"article\" \/>\n<meta property=\"og:title\" content=\"Das Hotel - Hotel Noemi\" \/>\n<meta property=\"og:description\" content=\"Das Hotel Noemi liegt im Herzen von Venedig nur 50 Meter vom Markusplatz entfernt in einer der Hauptgassen, die Rialto mit San Marco verbinden.\" \/>\n<meta property=\"og:url\" content=\"https:\/\/www.hotelnoemi.com\/de\/about-2\/\" \/>\n<meta property=\"og:site_name\" content=\"Hotel Noemi\" \/>\n<meta property=\"article:modified_time\" content=\"2020-09-02T08:38:19+00:00\" \/>\n<meta property=\"og:image\" content=\"https:\/\/www.hotelnoemi.com\/wp-content\/uploads\/2015\/03\/IMG_6631.jpg\" \/>\n\t<meta property=\"og:image:width\" content=\"2048\" \/>\n\t<meta property=\"og:image:height\" content=\"1365\" \/>\n\t<meta property=\"og:image:type\" content=\"image\/jpeg\" \/>\n<meta name=\"twitter:label1\" content=\"Gesch\u00e4tzte Lesezeit\" \/>\n\t<meta name=\"twitter:data1\" content=\"1\u00a0Minute\" \/>\n<script type=\"application\/ld+json\" class=\"yoast-schema-graph\">{\"@context\":\"https:\/\/schema.org\",\"@graph\":[{\"@type\":\"WebPage\",\"@id\":\"https:\/\/www.hotelnoemi.com\/de\/about-2\/\",\"url\":\"https:\/\/www.hotelnoemi.com\/de\/about-2\/\",\"name\":\"Das Hotel - Hotel Noemi\",\"isPartOf\":{\"@id\":\"https:\/\/www.hotelnoemi.com\/#website\"},\"datePublished\":\"2014-08-22T15:24:47+00:00\",\"dateModified\":\"2020-09-02T08:38:19+00:00\",\"description\":\"Das Hotel Noemi liegt im Herzen von Venedig nur 50 Meter vom Markusplatz entfernt in einer der Hauptgassen, die Rialto mit San Marco verbinden.\",\"breadcrumb\":{\"@id\":\"https:\/\/www.hotelnoemi.com\/de\/about-2\/#breadcrumb\"},\"inLanguage\":\"de\",\"potentialAction\":[{\"@type\":\"ReadAction\",\"target\":[\"https:\/\/www.hotelnoemi.com\/de\/about-2\/\"]}]},{\"@type\":\"BreadcrumbList\",\"@id\":\"https:\/\/www.hotelnoemi.com\/de\/about-2\/#breadcrumb\",\"itemListElement\":[{\"@type\":\"ListItem\",\"position\":1,\"name\":\"Home\",\"item\":\"https:\/\/www.hotelnoemi.com\/de\/\"},{\"@type\":\"ListItem\",\"position\":2,\"name\":\"Das Hotel\"}]},{\"@type\":\"WebSite\",\"@id\":\"https:\/\/www.hotelnoemi.com\/#website\",\"url\":\"https:\/\/www.hotelnoemi.com\/\",\"name\":\"Hotel Noemi\",\"description\":\"San Marco Hotel\",\"potentialAction\":[{\"@type\":\"SearchAction\",\"target\":{\"@type\":\"EntryPoint\",\"urlTemplate\":\"https:\/\/www.hotelnoemi.com\/?s={search_term_string}\"},\"query-input\":\"required name=search_term_string\"}],\"inLanguage\":\"de\"}]}<\/script>\n<!-- \/ Yoast SEO plugin. -->","yoast_head_json":{"title":"Das Hotel - Hotel Noemi","description":"Das Hotel Noemi liegt im Herzen von Venedig nur 50 Meter vom Markusplatz entfernt in einer der Hauptgassen, die Rialto mit San Marco verbinden.","robots":{"index":"index","follow":"follow","max-snippet":"max-snippet:-1","max-image-preview":"max-image-preview:large","max-video-preview":"max-video-preview:-1"},"canonical":"https:\/\/www.hotelnoemi.com\/de\/about-2\/","og_locale":"de_DE","og_type":"article","og_title":"Das Hotel - Hotel Noemi","og_description":"Das Hotel Noemi liegt im Herzen von Venedig nur 50 Meter vom Markusplatz entfernt in einer der Hauptgassen, die Rialto mit San Marco verbinden.","og_url":"https:\/\/www.hotelnoemi.com\/de\/about-2\/","og_site_name":"Hotel Noemi","article_modified_time":"2020-09-02T08:38:19+00:00","og_image":[{"width":2048,"height":1365,"url":"https:\/\/www.hotelnoemi.com\/wp-content\/uploads\/2015\/03\/IMG_6631.jpg","type":"image\/jpeg"}],"twitter_misc":{"Gesch\u00e4tzte Lesezeit":"1\u00a0Minute"},"schema":{"@context":"https:\/\/schema.org","@graph":[{"@type":"WebPage","@id":"https:\/\/www.hotelnoemi.com\/de\/about-2\/","url":"https:\/\/www.hotelnoemi.com\/de\/about-2\/","name":"Das Hotel - Hotel Noemi","isPartOf":{"@id":"https:\/\/www.hotelnoemi.com\/#website"},"datePublished":"2014-08-22T15:24:47+00:00","dateModified":"2020-09-02T08:38:19+00:00","description":"Das Hotel Noemi liegt im Herzen von Venedig nur 50 Meter vom Markusplatz entfernt in einer der Hauptgassen, die Rialto mit San Marco verbinden.","breadcrumb":{"@id":"https:\/\/www.hotelnoemi.com\/de\/about-2\/#breadcrumb"},"inLanguage":"de","potentialAction":[{"@type":"ReadAction","target":["https:\/\/www.hotelnoemi.com\/de\/about-2\/"]}]},{"@type":"BreadcrumbList","@id":"https:\/\/www.hotelnoemi.com\/de\/about-2\/#breadcrumb","itemListElement":[{"@type":"ListItem","position":1,"name":"Home","item":"https:\/\/www.hotelnoemi.com\/de\/"},{"@type":"ListItem","position":2,"name":"Das Hotel"}]},{"@type":"WebSite","@id":"https:\/\/www.hotelnoemi.com\/#website","url":"https:\/\/www.hotelnoemi.com\/","name":"Hotel Noemi","description":"San Marco Hotel","potentialAction":[{"@type":"SearchAction","target":{"@type":"EntryPoint","urlTemplate":"https:\/\/www.hotelnoemi.com\/?s={search_term_string}"},"query-input":"required name=search_term_string"}],"inLanguage":"de"}]}},"wps_subtitle":"","_links":{"self":[{"href":"https:\/\/www.hotelnoemi.com\/de\/wp-json\/wp\/v2\/pages\/465","targetHints":{"allow":["GET"]}}],"collection":[{"href":"https:\/\/www.hotelnoemi.com\/de\/wp-json\/wp\/v2\/pages"}],"about":[{"href":"https:\/\/www.hotelnoemi.com\/de\/wp-json\/wp\/v2\/types\/page"}],"author":[{"embeddable":true,"href":"https:\/\/www.hotelnoemi.com\/de\/wp-json\/wp\/v2\/users\/1"}],"replies":[{"embeddable":true,"href":"https:\/\/www.hotelnoemi.com\/de\/wp-json\/wp\/v2\/comments?post=465"}],"version-history":[{"count":9,"href":"https:\/\/www.hotelnoemi.com\/de\/wp-json\/wp\/v2\/pages\/465\/revisions"}],"predecessor-version":[{"id":1641,"href":"https:\/\/www.hotelnoemi.com\/de\/wp-json\/wp\/v2\/pages\/465\/revisions\/1641"}],"wp:featuredmedia":[{"embeddable":true,"href":"https:\/\/www.hotelnoemi.com\/de\/wp-json\/wp\/v2\/media\/1428"}],"wp:attachment":[{"href":"https:\/\/www.hotelnoemi.com\/de\/wp-json\/wp\/v2\/media?parent=465"}],"curies":[{"name":"wp","href":"https:\/\/api.w.org\/{rel}","templated":true}]}}