{"id":550,"date":"2014-08-14T19:43:34","date_gmt":"2014-08-14T19:43:34","guid":{"rendered":"http:\/\/www.residenzagoldoni.com\/?page_id=550"},"modified":"2015-03-05T22:01:34","modified_gmt":"2015-03-05T22:01:34","slug":"position","status":"publish","type":"page","link":"https:\/\/www.hotelnoemi.com\/de\/position\/","title":{"rendered":"Position"},"content":{"rendered":"<p>Das Hotel Noemi ist vom Flughafen Marco Polo, Bahnhof, Busbahnhof und den Auto-Parkgaragen Piazzale Roma oder Tronchetto aus leicht erreichbar.<\/p>\n<p>Informationen: Autobahnnetz: www.autostrade.it Flughafen Venedig: www.veniceairport.it Linien und Preise f\u00fcr Vaporetto und Bus: www.actv.it Zugfahrplan: www.fs-on-line.com<br \/>\nAnreise mit dem Flugzeug Sie k\u00f6nnen den \u00f6ffentlichen Transportservice Alilaguna nutzen, der Sie in 60 Minuten zum Preis von 9,80 Euro vom Flughafen Tessera bis zum Markusplatz bringt. Vom Markusplatz nehmen Sie dann die Calle dei Fabbri (neben dem Caff\u00e8 Quadri) und legen ca. 50 Meter zur\u00fcck.<\/p>\n<p>Anreise mit dem Auto Sie k\u00f6nnen Ihr Auto in einer der Parkgaragen der Piazzale Roma oder auf dem Parkplatz Tronchetto abstellen. Gehen Sie dann zur Anlegestelle der Linie 1 (Richtung Markusplatz) und steigen Sie an der Haltestelle Rialto aus. Von hier aus erreichen Sie das Hotel, indem Sie die Gasse gegen\u00fcber der Haltestelle (Calle Bembo) nehmen und f\u00fcr ca. 5 Minuten geradeaus gehen.<\/p>\n<p>Anreise mit dem Zug Gehen Sie zur Anlegestelle der Linie 1 (Richtung Markusplatz) und steigen Sie an der Haltestelle Rialto aus. Von hier aus erreichen Sie das Hotel, indem Sie die Gasse gegen\u00fcber der Haltestelle (Calle Bembo) nehmen und f\u00fcr ca. 5 Minuten geradeaus gehen.<\/p>\n","protected":false},"excerpt":{"rendered":"<p>Das Hotel Noemi ist vom Flughafen Marco Polo, Bahnhof, Busbahnhof und den Auto-Parkgaragen Piazzale Roma oder Tronchetto aus leicht erreichbar. Informationen: Autobahnnetz: www.autostrade.it Flughafen Venedig: www.veniceairport.it Linien und Preise f\u00fcr Vaporetto und Bus: www.actv.it Zugfahrplan: www.fs-on-line.com Anreise mit dem Flugzeug Sie k\u00f6nnen den \u00f6ffentlichen Transportservice Alilaguna nutzen, der Sie in[&#8230;]<\/p>\n","protected":false},"author":1,"featured_media":1419,"parent":0,"menu_order":0,"comment_status":"closed","ping_status":"closed","template":"template-contact.php","meta":{"_monsterinsights_skip_tracking":false,"_monsterinsights_sitenote_active":false,"_monsterinsights_sitenote_note":"","_monsterinsights_sitenote_category":0,"footnotes":""},"class_list":["post-550","page","type-page","status-publish","has-post-thumbnail","hentry"],"yoast_head":"<!-- This site is optimized with the Yoast SEO plugin v19.13 - https:\/\/yoast.com\/wordpress\/plugins\/seo\/ -->\n<title>Position - Hotel Noemi<\/title>\n<meta name=\"robots\" content=\"index, follow, max-snippet:-1, max-image-preview:large, max-video-preview:-1\" \/>\n<link rel=\"canonical\" href=\"https:\/\/www.hotelnoemi.com\/de\/position\/\" \/>\n<meta property=\"og:locale\" content=\"de_DE\" \/>\n<meta property=\"og:type\" content=\"article\" \/>\n<meta property=\"og:title\" content=\"Position - Hotel Noemi\" \/>\n<meta property=\"og:description\" content=\"Das Hotel Noemi ist vom Flughafen Marco Polo, Bahnhof, Busbahnhof und den Auto-Parkgaragen Piazzale Roma oder Tronchetto aus leicht erreichbar. Informationen: Autobahnnetz: www.autostrade.it Flughafen Venedig: www.veniceairport.it Linien und Preise f\u00fcr Vaporetto und Bus: www.actv.it Zugfahrplan: www.fs-on-line.com Anreise mit dem Flugzeug Sie k\u00f6nnen den \u00f6ffentlichen Transportservice Alilaguna nutzen, der Sie in[...]\" \/>\n<meta property=\"og:url\" content=\"https:\/\/www.hotelnoemi.com\/de\/position\/\" \/>\n<meta property=\"og:site_name\" content=\"Hotel Noemi\" \/>\n<meta property=\"article:modified_time\" content=\"2015-03-05T22:01:34+00:00\" \/>\n<meta property=\"og:image\" content=\"https:\/\/www.hotelnoemi.com\/wp-content\/uploads\/2015\/03\/IMG_6605-2.jpg\" \/>\n\t<meta property=\"og:image:width\" content=\"2048\" \/>\n\t<meta property=\"og:image:height\" content=\"1365\" \/>\n\t<meta property=\"og:image:type\" content=\"image\/jpeg\" \/>\n<meta name=\"twitter:label1\" content=\"Gesch\u00e4tzte Lesezeit\" \/>\n\t<meta name=\"twitter:data1\" content=\"1\u00a0Minute\" \/>\n<script type=\"application\/ld+json\" class=\"yoast-schema-graph\">{\"@context\":\"https:\/\/schema.org\",\"@graph\":[{\"@type\":\"WebPage\",\"@id\":\"https:\/\/www.hotelnoemi.com\/de\/position\/\",\"url\":\"https:\/\/www.hotelnoemi.com\/de\/position\/\",\"name\":\"Position - Hotel Noemi\",\"isPartOf\":{\"@id\":\"https:\/\/www.hotelnoemi.com\/#website\"},\"datePublished\":\"2014-08-14T19:43:34+00:00\",\"dateModified\":\"2015-03-05T22:01:34+00:00\",\"breadcrumb\":{\"@id\":\"https:\/\/www.hotelnoemi.com\/de\/position\/#breadcrumb\"},\"inLanguage\":\"de\",\"potentialAction\":[{\"@type\":\"ReadAction\",\"target\":[\"https:\/\/www.hotelnoemi.com\/de\/position\/\"]}]},{\"@type\":\"BreadcrumbList\",\"@id\":\"https:\/\/www.hotelnoemi.com\/de\/position\/#breadcrumb\",\"itemListElement\":[{\"@type\":\"ListItem\",\"position\":1,\"name\":\"Home\",\"item\":\"https:\/\/www.hotelnoemi.com\/de\/\"},{\"@type\":\"ListItem\",\"position\":2,\"name\":\"Position\"}]},{\"@type\":\"WebSite\",\"@id\":\"https:\/\/www.hotelnoemi.com\/#website\",\"url\":\"https:\/\/www.hotelnoemi.com\/\",\"name\":\"Hotel Noemi\",\"description\":\"San Marco Hotel\",\"potentialAction\":[{\"@type\":\"SearchAction\",\"target\":{\"@type\":\"EntryPoint\",\"urlTemplate\":\"https:\/\/www.hotelnoemi.com\/?s={search_term_string}\"},\"query-input\":\"required name=search_term_string\"}],\"inLanguage\":\"de\"}]}<\/script>\n<!-- \/ Yoast SEO plugin. -->","yoast_head_json":{"title":"Position - Hotel Noemi","robots":{"index":"index","follow":"follow","max-snippet":"max-snippet:-1","max-image-preview":"max-image-preview:large","max-video-preview":"max-video-preview:-1"},"canonical":"https:\/\/www.hotelnoemi.com\/de\/position\/","og_locale":"de_DE","og_type":"article","og_title":"Position - Hotel Noemi","og_description":"Das Hotel Noemi ist vom Flughafen Marco Polo, Bahnhof, Busbahnhof und den Auto-Parkgaragen Piazzale Roma oder Tronchetto aus leicht erreichbar. Informationen: Autobahnnetz: www.autostrade.it Flughafen Venedig: www.veniceairport.it Linien und Preise f\u00fcr Vaporetto und Bus: www.actv.it Zugfahrplan: www.fs-on-line.com Anreise mit dem Flugzeug Sie k\u00f6nnen den \u00f6ffentlichen Transportservice Alilaguna nutzen, der Sie in[...]","og_url":"https:\/\/www.hotelnoemi.com\/de\/position\/","og_site_name":"Hotel Noemi","article_modified_time":"2015-03-05T22:01:34+00:00","og_image":[{"width":2048,"height":1365,"url":"https:\/\/www.hotelnoemi.com\/wp-content\/uploads\/2015\/03\/IMG_6605-2.jpg","type":"image\/jpeg"}],"twitter_misc":{"Gesch\u00e4tzte Lesezeit":"1\u00a0Minute"},"schema":{"@context":"https:\/\/schema.org","@graph":[{"@type":"WebPage","@id":"https:\/\/www.hotelnoemi.com\/de\/position\/","url":"https:\/\/www.hotelnoemi.com\/de\/position\/","name":"Position - Hotel Noemi","isPartOf":{"@id":"https:\/\/www.hotelnoemi.com\/#website"},"datePublished":"2014-08-14T19:43:34+00:00","dateModified":"2015-03-05T22:01:34+00:00","breadcrumb":{"@id":"https:\/\/www.hotelnoemi.com\/de\/position\/#breadcrumb"},"inLanguage":"de","potentialAction":[{"@type":"ReadAction","target":["https:\/\/www.hotelnoemi.com\/de\/position\/"]}]},{"@type":"BreadcrumbList","@id":"https:\/\/www.hotelnoemi.com\/de\/position\/#breadcrumb","itemListElement":[{"@type":"ListItem","position":1,"name":"Home","item":"https:\/\/www.hotelnoemi.com\/de\/"},{"@type":"ListItem","position":2,"name":"Position"}]},{"@type":"WebSite","@id":"https:\/\/www.hotelnoemi.com\/#website","url":"https:\/\/www.hotelnoemi.com\/","name":"Hotel Noemi","description":"San Marco Hotel","potentialAction":[{"@type":"SearchAction","target":{"@type":"EntryPoint","urlTemplate":"https:\/\/www.hotelnoemi.com\/?s={search_term_string}"},"query-input":"required name=search_term_string"}],"inLanguage":"de"}]}},"wps_subtitle":"","_links":{"self":[{"href":"https:\/\/www.hotelnoemi.com\/de\/wp-json\/wp\/v2\/pages\/550","targetHints":{"allow":["GET"]}}],"collection":[{"href":"https:\/\/www.hotelnoemi.com\/de\/wp-json\/wp\/v2\/pages"}],"about":[{"href":"https:\/\/www.hotelnoemi.com\/de\/wp-json\/wp\/v2\/types\/page"}],"author":[{"embeddable":true,"href":"https:\/\/www.hotelnoemi.com\/de\/wp-json\/wp\/v2\/users\/1"}],"replies":[{"embeddable":true,"href":"https:\/\/www.hotelnoemi.com\/de\/wp-json\/wp\/v2\/comments?post=550"}],"version-history":[{"count":4,"href":"https:\/\/www.hotelnoemi.com\/de\/wp-json\/wp\/v2\/pages\/550\/revisions"}],"predecessor-version":[{"id":1493,"href":"https:\/\/www.hotelnoemi.com\/de\/wp-json\/wp\/v2\/pages\/550\/revisions\/1493"}],"wp:featuredmedia":[{"embeddable":true,"href":"https:\/\/www.hotelnoemi.com\/de\/wp-json\/wp\/v2\/media\/1419"}],"wp:attachment":[{"href":"https:\/\/www.hotelnoemi.com\/de\/wp-json\/wp\/v2\/media?parent=550"}],"curies":[{"name":"wp","href":"https:\/\/api.w.org\/{rel}","templated":true}]}}