{"id":585,"date":"2014-08-14T21:14:43","date_gmt":"2014-08-14T21:14:43","guid":{"rendered":"http:\/\/www.residenzagoldoni.com\/?page_id=585"},"modified":"2020-09-02T08:48:15","modified_gmt":"2020-09-02T08:48:15","slug":"reservierungen","status":"publish","type":"page","link":"https:\/\/www.hotelnoemi.com\/de\/reservierungen\/","title":{"rendered":"Kontakt"},"content":{"rendered":"<p><em><strong>***Der Concierge wird nur tags\u00fcber besetzt sein, da wir in dieser Zeit von Covid einen Self-Check-in-Service mit bedingter Eingabe \u00fcber die elektronische Tastatur implementiert haben, um die Gesundheit von Mitarbeitern und G\u00e4sten zu gew\u00e4hrleisten***<\/strong><\/em><\/p>\n<p>M\u00f6chten Sie uns eine unverbindliche Anfrage per E-Mail schicken? Haben Sie besondere W\u00fcnsche, die unser Online-Reservierungssystem nicht erf\u00fcllen kann? Sie werden auf alle Fragen eine direkte E-Mail-Antworerhalten!<\/p>\n<p><em><strong>Bitte beachten Sie, dass f\u00fcr den Fall, dass Sie Ihren Hund w\u00e4hrend Ihres Aufenthalts mitbringen m\u00f6chten, ein Aufpreis von \u20ac 10 pro Nacht berechnet wird. Vielen Dank.<\/strong><\/em><\/p>\n","protected":false},"excerpt":{"rendered":"<p>***Der Concierge wird nur tags\u00fcber besetzt sein, da wir in dieser Zeit von Covid einen Self-Check-in-Service mit bedingter Eingabe \u00fcber die elektronische Tastatur implementiert haben, um die Gesundheit von Mitarbeitern und G\u00e4sten zu gew\u00e4hrleisten*** M\u00f6chten Sie uns eine unverbindliche Anfrage per E-Mail schicken? Haben Sie besondere W\u00fcnsche, die unser Online-Reservierungssystem[&#8230;]<\/p>\n","protected":false},"author":1,"featured_media":0,"parent":0,"menu_order":0,"comment_status":"closed","ping_status":"closed","template":"template-booking.php","meta":{"_monsterinsights_skip_tracking":false,"_monsterinsights_sitenote_active":false,"_monsterinsights_sitenote_note":"","_monsterinsights_sitenote_category":0,"footnotes":""},"class_list":["post-585","page","type-page","status-publish","hentry"],"yoast_head":"<!-- This site is optimized with the Yoast SEO plugin v19.13 - https:\/\/yoast.com\/wordpress\/plugins\/seo\/ -->\n<title>Kontakt - Hotel Noemi<\/title>\n<meta name=\"robots\" content=\"index, follow, max-snippet:-1, max-image-preview:large, max-video-preview:-1\" \/>\n<link rel=\"canonical\" href=\"https:\/\/www.hotelnoemi.com\/de\/reservierungen\/\" \/>\n<meta property=\"og:locale\" content=\"de_DE\" \/>\n<meta property=\"og:type\" content=\"article\" \/>\n<meta property=\"og:title\" content=\"Kontakt - Hotel Noemi\" \/>\n<meta property=\"og:description\" content=\"***Der Concierge wird nur tags\u00fcber besetzt sein, da wir in dieser Zeit von Covid einen Self-Check-in-Service mit bedingter Eingabe \u00fcber die elektronische Tastatur implementiert haben, um die Gesundheit von Mitarbeitern und G\u00e4sten zu gew\u00e4hrleisten*** M\u00f6chten Sie uns eine unverbindliche Anfrage per E-Mail schicken? Haben Sie besondere W\u00fcnsche, die unser Online-Reservierungssystem[...]\" \/>\n<meta property=\"og:url\" content=\"https:\/\/www.hotelnoemi.com\/de\/reservierungen\/\" \/>\n<meta property=\"og:site_name\" content=\"Hotel Noemi\" \/>\n<meta property=\"article:modified_time\" content=\"2020-09-02T08:48:15+00:00\" \/>\n<script type=\"application\/ld+json\" class=\"yoast-schema-graph\">{\"@context\":\"https:\/\/schema.org\",\"@graph\":[{\"@type\":\"WebPage\",\"@id\":\"https:\/\/www.hotelnoemi.com\/de\/reservierungen\/\",\"url\":\"https:\/\/www.hotelnoemi.com\/de\/reservierungen\/\",\"name\":\"Kontakt - Hotel Noemi\",\"isPartOf\":{\"@id\":\"https:\/\/www.hotelnoemi.com\/#website\"},\"datePublished\":\"2014-08-14T21:14:43+00:00\",\"dateModified\":\"2020-09-02T08:48:15+00:00\",\"breadcrumb\":{\"@id\":\"https:\/\/www.hotelnoemi.com\/de\/reservierungen\/#breadcrumb\"},\"inLanguage\":\"de\",\"potentialAction\":[{\"@type\":\"ReadAction\",\"target\":[\"https:\/\/www.hotelnoemi.com\/de\/reservierungen\/\"]}]},{\"@type\":\"BreadcrumbList\",\"@id\":\"https:\/\/www.hotelnoemi.com\/de\/reservierungen\/#breadcrumb\",\"itemListElement\":[{\"@type\":\"ListItem\",\"position\":1,\"name\":\"Home\",\"item\":\"https:\/\/www.hotelnoemi.com\/de\/\"},{\"@type\":\"ListItem\",\"position\":2,\"name\":\"Kontakt\"}]},{\"@type\":\"WebSite\",\"@id\":\"https:\/\/www.hotelnoemi.com\/#website\",\"url\":\"https:\/\/www.hotelnoemi.com\/\",\"name\":\"Hotel Noemi\",\"description\":\"San Marco Hotel\",\"potentialAction\":[{\"@type\":\"SearchAction\",\"target\":{\"@type\":\"EntryPoint\",\"urlTemplate\":\"https:\/\/www.hotelnoemi.com\/?s={search_term_string}\"},\"query-input\":\"required name=search_term_string\"}],\"inLanguage\":\"de\"}]}<\/script>\n<!-- \/ Yoast SEO plugin. -->","yoast_head_json":{"title":"Kontakt - Hotel Noemi","robots":{"index":"index","follow":"follow","max-snippet":"max-snippet:-1","max-image-preview":"max-image-preview:large","max-video-preview":"max-video-preview:-1"},"canonical":"https:\/\/www.hotelnoemi.com\/de\/reservierungen\/","og_locale":"de_DE","og_type":"article","og_title":"Kontakt - Hotel Noemi","og_description":"***Der Concierge wird nur tags\u00fcber besetzt sein, da wir in dieser Zeit von Covid einen Self-Check-in-Service mit bedingter Eingabe \u00fcber die elektronische Tastatur implementiert haben, um die Gesundheit von Mitarbeitern und G\u00e4sten zu gew\u00e4hrleisten*** M\u00f6chten Sie uns eine unverbindliche Anfrage per E-Mail schicken? Haben Sie besondere W\u00fcnsche, die unser Online-Reservierungssystem[...]","og_url":"https:\/\/www.hotelnoemi.com\/de\/reservierungen\/","og_site_name":"Hotel Noemi","article_modified_time":"2020-09-02T08:48:15+00:00","schema":{"@context":"https:\/\/schema.org","@graph":[{"@type":"WebPage","@id":"https:\/\/www.hotelnoemi.com\/de\/reservierungen\/","url":"https:\/\/www.hotelnoemi.com\/de\/reservierungen\/","name":"Kontakt - Hotel Noemi","isPartOf":{"@id":"https:\/\/www.hotelnoemi.com\/#website"},"datePublished":"2014-08-14T21:14:43+00:00","dateModified":"2020-09-02T08:48:15+00:00","breadcrumb":{"@id":"https:\/\/www.hotelnoemi.com\/de\/reservierungen\/#breadcrumb"},"inLanguage":"de","potentialAction":[{"@type":"ReadAction","target":["https:\/\/www.hotelnoemi.com\/de\/reservierungen\/"]}]},{"@type":"BreadcrumbList","@id":"https:\/\/www.hotelnoemi.com\/de\/reservierungen\/#breadcrumb","itemListElement":[{"@type":"ListItem","position":1,"name":"Home","item":"https:\/\/www.hotelnoemi.com\/de\/"},{"@type":"ListItem","position":2,"name":"Kontakt"}]},{"@type":"WebSite","@id":"https:\/\/www.hotelnoemi.com\/#website","url":"https:\/\/www.hotelnoemi.com\/","name":"Hotel Noemi","description":"San Marco Hotel","potentialAction":[{"@type":"SearchAction","target":{"@type":"EntryPoint","urlTemplate":"https:\/\/www.hotelnoemi.com\/?s={search_term_string}"},"query-input":"required name=search_term_string"}],"inLanguage":"de"}]}},"wps_subtitle":"","_links":{"self":[{"href":"https:\/\/www.hotelnoemi.com\/de\/wp-json\/wp\/v2\/pages\/585","targetHints":{"allow":["GET"]}}],"collection":[{"href":"https:\/\/www.hotelnoemi.com\/de\/wp-json\/wp\/v2\/pages"}],"about":[{"href":"https:\/\/www.hotelnoemi.com\/de\/wp-json\/wp\/v2\/types\/page"}],"author":[{"embeddable":true,"href":"https:\/\/www.hotelnoemi.com\/de\/wp-json\/wp\/v2\/users\/1"}],"replies":[{"embeddable":true,"href":"https:\/\/www.hotelnoemi.com\/de\/wp-json\/wp\/v2\/comments?post=585"}],"version-history":[{"count":3,"href":"https:\/\/www.hotelnoemi.com\/de\/wp-json\/wp\/v2\/pages\/585\/revisions"}],"predecessor-version":[{"id":1648,"href":"https:\/\/www.hotelnoemi.com\/de\/wp-json\/wp\/v2\/pages\/585\/revisions\/1648"}],"wp:attachment":[{"href":"https:\/\/www.hotelnoemi.com\/de\/wp-json\/wp\/v2\/media?parent=585"}],"curies":[{"name":"wp","href":"https:\/\/api.w.org\/{rel}","templated":true}]}}