{"id":463,"date":"2014-08-22T15:24:47","date_gmt":"2014-08-22T15:24:47","guid":{"rendered":"http:\/\/www.residenzagoldoni.com\/?page_id=463"},"modified":"2020-09-02T08:38:59","modified_gmt":"2020-09-02T08:38:59","slug":"about-2","status":"publish","type":"page","link":"https:\/\/www.hotelnoemi.com\/es\/about-2\/","title":{"rendered":"El Hotel"},"content":{"rendered":"<p><em><strong>***El conserje estar\u00e1 atendido solo durante el d\u00eda ya que durante este per\u00edodo de Covid para salvaguardar la salud del personal y los hu\u00e9spedes hemos implementado un servicio de auto check-in con entrada contingente a trav\u00e9s de teclado electr\u00f3nico.***<\/strong><\/em><\/p>\n<p>El Hotel Noemi se encuentra en el coraz\u00f3n de Venecia, a tan s\u00f3lo 50 metros de la Plaza San Marcos, en una de las Calles principales que enlazan el Puente de Rialto con la Plaza San Marcos.<\/p>\n<p>Dispone de habitaciones elegantemente decoradas en estilo siglo XVIII veneciano y est\u00e1n equipadas con todos los conforts m\u00e1s modernos. Se destaca por una t\u00edpica gesti\u00f3n familiar. A<strong>caba de ser reestructurado, prestando particular atenci\u00f3n a un gusto refinado<\/strong>.<\/p>\n<p><strong><span id=\"result_box\" class=\"\" lang=\"es\"><span class=\"hps\">SERVICIOS:<\/span><\/span><\/strong><\/p>\n<p><span id=\"result_box\" class=\"\" lang=\"es\"><span class=\"hps\">\u2022 Internet<\/span> <span class=\"hps\">Wi-fi gratuito<\/span><br \/>\n<span class=\"hps\">\u2022<\/span> <span class=\"hps\">Recepci\u00f3n las 24 horas<\/span><br \/>\n<span class=\"hps\">\u2022<\/span> <span class=\"hps\">Visitas guiadas y<\/span> <span class=\"hps\">excursiones<\/span> <span class=\"hps\">reservas<\/span><\/p>\n<p><em><strong>Si desea traer a su perro durante su estancia hay un suplemento de 10 \u20ac por noche. Gracias.<\/strong><\/em><\/p>\n<div id='gallery-1' class='gallery galleryid-463 gallery-columns-4 gallery-size-thumbnail'><figure class='gallery-item'>\n\t\t\t<div class='gallery-icon landscape'>\n\t\t\t\t<a href='https:\/\/www.hotelnoemi.com\/wp-content\/uploads\/2015\/03\/IMG_6605-2.jpg' data-rel=\"prettyPhoto[463]\" data-rel=\"prettyPhoto[463]\"><img loading=\"lazy\" decoding=\"async\" width=\"150\" height=\"150\" src=\"https:\/\/www.hotelnoemi.com\/wp-content\/uploads\/2015\/03\/IMG_6605-2-150x150.jpg\" class=\"attachment-thumbnail size-thumbnail\" alt=\"external view 2\" srcset=\"https:\/\/www.hotelnoemi.com\/wp-content\/uploads\/2015\/03\/IMG_6605-2-150x150.jpg 150w, https:\/\/www.hotelnoemi.com\/wp-content\/uploads\/2015\/03\/IMG_6605-2-100x100.jpg 100w\" sizes=\"auto, (max-width: 150px) 100vw, 150px\" \/><\/a>\n\t\t\t<\/div><\/figure><figure class='gallery-item'>\n\t\t\t<div class='gallery-icon landscape'>\n\t\t\t\t<a href='https:\/\/www.hotelnoemi.com\/wp-content\/uploads\/2015\/03\/IMG_6630.jpg' data-rel=\"prettyPhoto[463]\" data-rel=\"prettyPhoto[463]\"><img loading=\"lazy\" decoding=\"async\" width=\"150\" height=\"150\" src=\"https:\/\/www.hotelnoemi.com\/wp-content\/uploads\/2015\/03\/IMG_6630-150x150.jpg\" class=\"attachment-thumbnail size-thumbnail\" alt=\"entrance hall with main entrance\" srcset=\"https:\/\/www.hotelnoemi.com\/wp-content\/uploads\/2015\/03\/IMG_6630-150x150.jpg 150w, https:\/\/www.hotelnoemi.com\/wp-content\/uploads\/2015\/03\/IMG_6630-100x100.jpg 100w\" sizes=\"auto, (max-width: 150px) 100vw, 150px\" \/><\/a>\n\t\t\t<\/div><\/figure><figure class='gallery-item'>\n\t\t\t<div class='gallery-icon landscape'>\n\t\t\t\t<a href='https:\/\/www.hotelnoemi.com\/wp-content\/uploads\/2015\/03\/IMG_6598.jpg' data-rel=\"prettyPhoto[463]\" data-rel=\"prettyPhoto[463]\"><img loading=\"lazy\" decoding=\"async\" width=\"150\" height=\"150\" src=\"https:\/\/www.hotelnoemi.com\/wp-content\/uploads\/2015\/03\/IMG_6598-150x150.jpg\" class=\"attachment-thumbnail size-thumbnail\" alt=\"hotel noemi scala\" srcset=\"https:\/\/www.hotelnoemi.com\/wp-content\/uploads\/2015\/03\/IMG_6598-150x150.jpg 150w, https:\/\/www.hotelnoemi.com\/wp-content\/uploads\/2015\/03\/IMG_6598-100x100.jpg 100w\" sizes=\"auto, (max-width: 150px) 100vw, 150px\" \/><\/a>\n\t\t\t<\/div><\/figure><figure class='gallery-item'>\n\t\t\t<div class='gallery-icon landscape'>\n\t\t\t\t<a href='https:\/\/www.hotelnoemi.com\/wp-content\/uploads\/2015\/03\/IMG_6568.jpg' data-rel=\"prettyPhoto[463]\" data-rel=\"prettyPhoto[463]\"><img loading=\"lazy\" decoding=\"async\" width=\"150\" height=\"150\" src=\"https:\/\/www.hotelnoemi.com\/wp-content\/uploads\/2015\/03\/IMG_6568-150x150.jpg\" class=\"attachment-thumbnail size-thumbnail\" alt=\"hotel noemi camera oro bianco da vicino\" srcset=\"https:\/\/www.hotelnoemi.com\/wp-content\/uploads\/2015\/03\/IMG_6568-150x150.jpg 150w, https:\/\/www.hotelnoemi.com\/wp-content\/uploads\/2015\/03\/IMG_6568-100x100.jpg 100w\" sizes=\"auto, (max-width: 150px) 100vw, 150px\" \/><\/a>\n\t\t\t<\/div><\/figure><figure class='gallery-item'>\n\t\t\t<div class='gallery-icon landscape'>\n\t\t\t\t<a href='https:\/\/www.hotelnoemi.com\/wp-content\/uploads\/2015\/03\/IMG_6518.jpg' data-rel=\"prettyPhoto[463]\" data-rel=\"prettyPhoto[463]\"><img loading=\"lazy\" decoding=\"async\" width=\"150\" height=\"150\" src=\"https:\/\/www.hotelnoemi.com\/wp-content\/uploads\/2015\/03\/IMG_6518-150x150.jpg\" class=\"attachment-thumbnail size-thumbnail\" alt=\"hotel noemi vista sala e ingresso\" srcset=\"https:\/\/www.hotelnoemi.com\/wp-content\/uploads\/2015\/03\/IMG_6518-150x150.jpg 150w, https:\/\/www.hotelnoemi.com\/wp-content\/uploads\/2015\/03\/IMG_6518-100x100.jpg 100w\" sizes=\"auto, (max-width: 150px) 100vw, 150px\" \/><\/a>\n\t\t\t<\/div><\/figure><figure class='gallery-item'>\n\t\t\t<div class='gallery-icon landscape'>\n\t\t\t\t<a href='https:\/\/www.hotelnoemi.com\/wp-content\/uploads\/2015\/03\/IMG_6512.jpg' data-rel=\"prettyPhoto[463]\" data-rel=\"prettyPhoto[463]\"><img loading=\"lazy\" decoding=\"async\" width=\"150\" height=\"150\" src=\"https:\/\/www.hotelnoemi.com\/wp-content\/uploads\/2015\/03\/IMG_6512-150x150.jpg\" class=\"attachment-thumbnail size-thumbnail\" alt=\"hotel noemi statua indiana\" srcset=\"https:\/\/www.hotelnoemi.com\/wp-content\/uploads\/2015\/03\/IMG_6512-150x150.jpg 150w, https:\/\/www.hotelnoemi.com\/wp-content\/uploads\/2015\/03\/IMG_6512-100x100.jpg 100w\" sizes=\"auto, (max-width: 150px) 100vw, 150px\" \/><\/a>\n\t\t\t<\/div><\/figure><figure class='gallery-item'>\n\t\t\t<div class='gallery-icon landscape'>\n\t\t\t\t<a href='https:\/\/www.hotelnoemi.com\/wp-content\/uploads\/2015\/03\/IMG_5386.jpg' data-rel=\"prettyPhoto[463]\" data-rel=\"prettyPhoto[463]\"><img loading=\"lazy\" decoding=\"async\" width=\"150\" height=\"150\" src=\"https:\/\/www.hotelnoemi.com\/wp-content\/uploads\/2015\/03\/IMG_5386-150x150.jpg\" class=\"attachment-thumbnail size-thumbnail\" alt=\"hotel noemi colazione\" srcset=\"https:\/\/www.hotelnoemi.com\/wp-content\/uploads\/2015\/03\/IMG_5386-150x150.jpg 150w, https:\/\/www.hotelnoemi.com\/wp-content\/uploads\/2015\/03\/IMG_5386-100x100.jpg 100w\" sizes=\"auto, (max-width: 150px) 100vw, 150px\" \/><\/a>\n\t\t\t<\/div><\/figure><figure class='gallery-item'>\n\t\t\t<div class='gallery-icon landscape'>\n\t\t\t\t<a href='https:\/\/www.hotelnoemi.com\/wp-content\/uploads\/2015\/03\/IMG_5346.jpg' data-rel=\"prettyPhoto[463]\" data-rel=\"prettyPhoto[463]\"><img loading=\"lazy\" decoding=\"async\" width=\"150\" height=\"150\" src=\"https:\/\/www.hotelnoemi.com\/wp-content\/uploads\/2015\/03\/IMG_5346-150x150.jpg\" class=\"attachment-thumbnail size-thumbnail\" alt=\"hotel noemi sala colazione 4\" srcset=\"https:\/\/www.hotelnoemi.com\/wp-content\/uploads\/2015\/03\/IMG_5346-150x150.jpg 150w, https:\/\/www.hotelnoemi.com\/wp-content\/uploads\/2015\/03\/IMG_5346-100x100.jpg 100w\" sizes=\"auto, (max-width: 150px) 100vw, 150px\" \/><\/a>\n\t\t\t<\/div><\/figure>\n\t\t<\/div>\n\n","protected":false},"excerpt":{"rendered":"<p>***El conserje estar\u00e1 atendido solo durante el d\u00eda ya que durante este per\u00edodo de Covid para salvaguardar la salud del personal y los hu\u00e9spedes hemos implementado un servicio de auto check-in con entrada contingente a trav\u00e9s de teclado electr\u00f3nico.*** El Hotel Noemi se encuentra en el coraz\u00f3n de Venecia, a[&#8230;]<\/p>\n","protected":false},"author":1,"featured_media":1428,"parent":0,"menu_order":0,"comment_status":"closed","ping_status":"closed","template":"","meta":{"_monsterinsights_skip_tracking":false,"_monsterinsights_sitenote_active":false,"_monsterinsights_sitenote_note":"","_monsterinsights_sitenote_category":0,"footnotes":""},"class_list":["post-463","page","type-page","status-publish","has-post-thumbnail","hentry"],"yoast_head":"<!-- This site is optimized with the Yoast SEO plugin v19.13 - https:\/\/yoast.com\/wordpress\/plugins\/seo\/ -->\n<title>El Hotel - Hotel Noemi<\/title>\n<meta name=\"robots\" content=\"index, follow, max-snippet:-1, max-image-preview:large, max-video-preview:-1\" \/>\n<link rel=\"canonical\" href=\"https:\/\/www.hotelnoemi.com\/es\/about-2\/\" \/>\n<meta property=\"og:locale\" content=\"es_ES\" \/>\n<meta property=\"og:type\" content=\"article\" \/>\n<meta property=\"og:title\" content=\"El Hotel - Hotel Noemi\" \/>\n<meta property=\"og:description\" content=\"***El conserje estar\u00e1 atendido solo durante el d\u00eda ya que durante este per\u00edodo de Covid para salvaguardar la salud del personal y los hu\u00e9spedes hemos implementado un servicio de auto check-in con entrada contingente a trav\u00e9s de teclado electr\u00f3nico.*** El Hotel Noemi se encuentra en el coraz\u00f3n de Venecia, a[...]\" \/>\n<meta property=\"og:url\" content=\"https:\/\/www.hotelnoemi.com\/es\/about-2\/\" \/>\n<meta property=\"og:site_name\" content=\"Hotel Noemi\" \/>\n<meta property=\"article:modified_time\" content=\"2020-09-02T08:38:59+00:00\" \/>\n<meta property=\"og:image\" content=\"https:\/\/www.hotelnoemi.com\/wp-content\/uploads\/2015\/03\/IMG_6631.jpg\" \/>\n\t<meta property=\"og:image:width\" content=\"2048\" \/>\n\t<meta property=\"og:image:height\" content=\"1365\" \/>\n\t<meta property=\"og:image:type\" content=\"image\/jpeg\" \/>\n<meta name=\"twitter:label1\" content=\"Tiempo de lectura\" \/>\n\t<meta name=\"twitter:data1\" content=\"1 minuto\" \/>\n<script type=\"application\/ld+json\" class=\"yoast-schema-graph\">{\"@context\":\"https:\/\/schema.org\",\"@graph\":[{\"@type\":\"WebPage\",\"@id\":\"https:\/\/www.hotelnoemi.com\/es\/about-2\/\",\"url\":\"https:\/\/www.hotelnoemi.com\/es\/about-2\/\",\"name\":\"El Hotel - Hotel Noemi\",\"isPartOf\":{\"@id\":\"https:\/\/www.hotelnoemi.com\/#website\"},\"datePublished\":\"2014-08-22T15:24:47+00:00\",\"dateModified\":\"2020-09-02T08:38:59+00:00\",\"breadcrumb\":{\"@id\":\"https:\/\/www.hotelnoemi.com\/es\/about-2\/#breadcrumb\"},\"inLanguage\":\"es\",\"potentialAction\":[{\"@type\":\"ReadAction\",\"target\":[\"https:\/\/www.hotelnoemi.com\/es\/about-2\/\"]}]},{\"@type\":\"BreadcrumbList\",\"@id\":\"https:\/\/www.hotelnoemi.com\/es\/about-2\/#breadcrumb\",\"itemListElement\":[{\"@type\":\"ListItem\",\"position\":1,\"name\":\"Home\",\"item\":\"https:\/\/www.hotelnoemi.com\/es\/\"},{\"@type\":\"ListItem\",\"position\":2,\"name\":\"El Hotel\"}]},{\"@type\":\"WebSite\",\"@id\":\"https:\/\/www.hotelnoemi.com\/#website\",\"url\":\"https:\/\/www.hotelnoemi.com\/\",\"name\":\"Hotel Noemi\",\"description\":\"San Marco Hotel\",\"potentialAction\":[{\"@type\":\"SearchAction\",\"target\":{\"@type\":\"EntryPoint\",\"urlTemplate\":\"https:\/\/www.hotelnoemi.com\/?s={search_term_string}\"},\"query-input\":\"required name=search_term_string\"}],\"inLanguage\":\"es\"}]}<\/script>\n<!-- \/ Yoast SEO plugin. -->","yoast_head_json":{"title":"El Hotel - Hotel Noemi","robots":{"index":"index","follow":"follow","max-snippet":"max-snippet:-1","max-image-preview":"max-image-preview:large","max-video-preview":"max-video-preview:-1"},"canonical":"https:\/\/www.hotelnoemi.com\/es\/about-2\/","og_locale":"es_ES","og_type":"article","og_title":"El Hotel - Hotel Noemi","og_description":"***El conserje estar\u00e1 atendido solo durante el d\u00eda ya que durante este per\u00edodo de Covid para salvaguardar la salud del personal y los hu\u00e9spedes hemos implementado un servicio de auto check-in con entrada contingente a trav\u00e9s de teclado electr\u00f3nico.*** El Hotel Noemi se encuentra en el coraz\u00f3n de Venecia, a[...]","og_url":"https:\/\/www.hotelnoemi.com\/es\/about-2\/","og_site_name":"Hotel Noemi","article_modified_time":"2020-09-02T08:38:59+00:00","og_image":[{"width":2048,"height":1365,"url":"https:\/\/www.hotelnoemi.com\/wp-content\/uploads\/2015\/03\/IMG_6631.jpg","type":"image\/jpeg"}],"twitter_misc":{"Tiempo de lectura":"1 minuto"},"schema":{"@context":"https:\/\/schema.org","@graph":[{"@type":"WebPage","@id":"https:\/\/www.hotelnoemi.com\/es\/about-2\/","url":"https:\/\/www.hotelnoemi.com\/es\/about-2\/","name":"El Hotel - Hotel Noemi","isPartOf":{"@id":"https:\/\/www.hotelnoemi.com\/#website"},"datePublished":"2014-08-22T15:24:47+00:00","dateModified":"2020-09-02T08:38:59+00:00","breadcrumb":{"@id":"https:\/\/www.hotelnoemi.com\/es\/about-2\/#breadcrumb"},"inLanguage":"es","potentialAction":[{"@type":"ReadAction","target":["https:\/\/www.hotelnoemi.com\/es\/about-2\/"]}]},{"@type":"BreadcrumbList","@id":"https:\/\/www.hotelnoemi.com\/es\/about-2\/#breadcrumb","itemListElement":[{"@type":"ListItem","position":1,"name":"Home","item":"https:\/\/www.hotelnoemi.com\/es\/"},{"@type":"ListItem","position":2,"name":"El Hotel"}]},{"@type":"WebSite","@id":"https:\/\/www.hotelnoemi.com\/#website","url":"https:\/\/www.hotelnoemi.com\/","name":"Hotel Noemi","description":"San Marco Hotel","potentialAction":[{"@type":"SearchAction","target":{"@type":"EntryPoint","urlTemplate":"https:\/\/www.hotelnoemi.com\/?s={search_term_string}"},"query-input":"required name=search_term_string"}],"inLanguage":"es"}]}},"wps_subtitle":"","_links":{"self":[{"href":"https:\/\/www.hotelnoemi.com\/es\/wp-json\/wp\/v2\/pages\/463","targetHints":{"allow":["GET"]}}],"collection":[{"href":"https:\/\/www.hotelnoemi.com\/es\/wp-json\/wp\/v2\/pages"}],"about":[{"href":"https:\/\/www.hotelnoemi.com\/es\/wp-json\/wp\/v2\/types\/page"}],"author":[{"embeddable":true,"href":"https:\/\/www.hotelnoemi.com\/es\/wp-json\/wp\/v2\/users\/1"}],"replies":[{"embeddable":true,"href":"https:\/\/www.hotelnoemi.com\/es\/wp-json\/wp\/v2\/comments?post=463"}],"version-history":[{"count":8,"href":"https:\/\/www.hotelnoemi.com\/es\/wp-json\/wp\/v2\/pages\/463\/revisions"}],"predecessor-version":[{"id":1643,"href":"https:\/\/www.hotelnoemi.com\/es\/wp-json\/wp\/v2\/pages\/463\/revisions\/1643"}],"wp:featuredmedia":[{"embeddable":true,"href":"https:\/\/www.hotelnoemi.com\/es\/wp-json\/wp\/v2\/media\/1428"}],"wp:attachment":[{"href":"https:\/\/www.hotelnoemi.com\/es\/wp-json\/wp\/v2\/media?parent=463"}],"curies":[{"name":"wp","href":"https:\/\/api.w.org\/{rel}","templated":true}]}}