{"id":548,"date":"2014-08-14T19:43:34","date_gmt":"2014-08-14T19:43:34","guid":{"rendered":"http:\/\/www.residenzagoldoni.com\/?page_id=548"},"modified":"2015-03-06T09:23:10","modified_gmt":"2015-03-06T09:23:10","slug":"position","status":"publish","type":"page","link":"https:\/\/www.hotelnoemi.com\/es\/position\/","title":{"rendered":"Posici\u00f3n"},"content":{"rendered":"<p>El Hotel Noemi es f\u00e1cilmente alcanzable desde el Aeropuerto \u201cMarco Polo\u201d, desde la estaci\u00f3n de trenes y desde el terminal de autom\u00f3viles del Piazzale Roma o el Tronchetto.<br \/>\nInformaciones: Red de autopistas: www.autostrade.it\u00a0 Aeropuerto de Venecia: www.veniceairport.it L\u00edneas y tarifas de vaporetos y autobuses: www.actv.it Horarios de trenes: www.fs-on-line.com<br \/>\nPara quienes lleguen desde el Aeropuerto <span id=\"result_box\" class=\"\" lang=\"es\"><span class=\"hps\">puede utilizar<\/span> <span class=\"hps\">Alilaguna<\/span> <span class=\"hps\">p\u00fablico<\/span> <span class=\"hps\">desde Tessera<\/span> <span class=\"hps\">le llevar\u00e1 a<\/span> <span class=\"hps\">la Plaza de San<\/span> <span class=\"hps\">Marco en<\/span> <span class=\"hps\">unos 60 minutos<\/span> <span class=\"hps\">a un precio de<\/span> <span class=\"hps\">9,80<\/span> <span class=\"hps\">euros<\/span> <span class=\"hps\">por persona<\/span>. <span class=\"hps\">Desde la plaza<\/span> <span class=\"hps\">de San Marcos<\/span> <span class=\"hps\">y luego<\/span> <span class=\"hps\">tomar la Calle<\/span> <span class=\"hps\">dei<\/span> <span class=\"hps\">Fabbri<\/span> <span class=\"hps atn\">(<\/span>en el <span class=\"hps\">Caff\u00e8<\/span> <span class=\"hps\">Quadri<\/span>) <span class=\"hps\">y caminar unos<\/span> <span class=\"hps\">50<\/span> <span class=\"hps\">metros<\/span>.<\/span><\/p>\n<p>Para quienes lleguen en autom\u00f3vil podr\u00e1n estacionar el veh\u00edculo en uno de los estacionamientos que se encuentran en el Piazzale Roma o en el estacionamiento del Tronchetto; a continuaci\u00f3n, deber\u00e1n llegar hasta el atraco de la L\u00ednea 1 (sentido \u201cSan Marcos\u201d) y bajar en la parada \u201cRialto\u201d. De aqu\u00ed, para llegar hasta el hotel, coger la Calle que se encuentra enfrente de la parada (Calle Bembo) y continuar recto por unos 5 minutos.<\/p>\n<p>Para quienes lleguen en tren llegar hasta el atraco de la L\u00ednea 1 (sentido \u201cSan Marcos\u201d) y bajar en la parada \u201cRialto\u201d. De aqu\u00ed, para llegar hasta el hotel, coger la Calle que se encuentra enfrente de la parada (Calle Bembo) y continuar recto por unos 5 minutos.<\/p>\n","protected":false},"excerpt":{"rendered":"<p>El Hotel Noemi es f\u00e1cilmente alcanzable desde el Aeropuerto \u201cMarco Polo\u201d, desde la estaci\u00f3n de trenes y desde el terminal de autom\u00f3viles del Piazzale Roma o el Tronchetto. Informaciones: Red de autopistas: www.autostrade.it\u00a0 Aeropuerto de Venecia: www.veniceairport.it L\u00edneas y tarifas de vaporetos y autobuses: www.actv.it Horarios de trenes: www.fs-on-line.com Para[&#8230;]<\/p>\n","protected":false},"author":1,"featured_media":1419,"parent":0,"menu_order":0,"comment_status":"closed","ping_status":"closed","template":"template-contact.php","meta":{"_monsterinsights_skip_tracking":false,"_monsterinsights_sitenote_active":false,"_monsterinsights_sitenote_note":"","_monsterinsights_sitenote_category":0,"footnotes":""},"class_list":["post-548","page","type-page","status-publish","has-post-thumbnail","hentry"],"yoast_head":"<!-- This site is optimized with the Yoast SEO plugin v19.13 - https:\/\/yoast.com\/wordpress\/plugins\/seo\/ -->\n<title>Posici\u00f3n - Hotel Noemi<\/title>\n<meta name=\"robots\" content=\"index, follow, max-snippet:-1, max-image-preview:large, max-video-preview:-1\" \/>\n<link rel=\"canonical\" href=\"https:\/\/www.hotelnoemi.com\/es\/position\/\" \/>\n<meta property=\"og:locale\" content=\"es_ES\" \/>\n<meta property=\"og:type\" content=\"article\" \/>\n<meta property=\"og:title\" content=\"Posici\u00f3n - Hotel Noemi\" \/>\n<meta property=\"og:description\" content=\"El Hotel Noemi es f\u00e1cilmente alcanzable desde el Aeropuerto \u201cMarco Polo\u201d, desde la estaci\u00f3n de trenes y desde el terminal de autom\u00f3viles del Piazzale Roma o el Tronchetto. Informaciones: Red de autopistas: www.autostrade.it\u00a0 Aeropuerto de Venecia: www.veniceairport.it L\u00edneas y tarifas de vaporetos y autobuses: www.actv.it Horarios de trenes: www.fs-on-line.com Para[...]\" \/>\n<meta property=\"og:url\" content=\"https:\/\/www.hotelnoemi.com\/es\/position\/\" \/>\n<meta property=\"og:site_name\" content=\"Hotel Noemi\" \/>\n<meta property=\"article:modified_time\" content=\"2015-03-06T09:23:10+00:00\" \/>\n<meta property=\"og:image\" content=\"https:\/\/www.hotelnoemi.com\/wp-content\/uploads\/2015\/03\/IMG_6605-2.jpg\" \/>\n\t<meta property=\"og:image:width\" content=\"2048\" \/>\n\t<meta property=\"og:image:height\" content=\"1365\" \/>\n\t<meta property=\"og:image:type\" content=\"image\/jpeg\" \/>\n<meta name=\"twitter:label1\" content=\"Tiempo de lectura\" \/>\n\t<meta name=\"twitter:data1\" content=\"1 minuto\" \/>\n<script type=\"application\/ld+json\" class=\"yoast-schema-graph\">{\"@context\":\"https:\/\/schema.org\",\"@graph\":[{\"@type\":\"WebPage\",\"@id\":\"https:\/\/www.hotelnoemi.com\/es\/position\/\",\"url\":\"https:\/\/www.hotelnoemi.com\/es\/position\/\",\"name\":\"Posici\u00f3n - Hotel Noemi\",\"isPartOf\":{\"@id\":\"https:\/\/www.hotelnoemi.com\/#website\"},\"datePublished\":\"2014-08-14T19:43:34+00:00\",\"dateModified\":\"2015-03-06T09:23:10+00:00\",\"breadcrumb\":{\"@id\":\"https:\/\/www.hotelnoemi.com\/es\/position\/#breadcrumb\"},\"inLanguage\":\"es\",\"potentialAction\":[{\"@type\":\"ReadAction\",\"target\":[\"https:\/\/www.hotelnoemi.com\/es\/position\/\"]}]},{\"@type\":\"BreadcrumbList\",\"@id\":\"https:\/\/www.hotelnoemi.com\/es\/position\/#breadcrumb\",\"itemListElement\":[{\"@type\":\"ListItem\",\"position\":1,\"name\":\"Home\",\"item\":\"https:\/\/www.hotelnoemi.com\/es\/\"},{\"@type\":\"ListItem\",\"position\":2,\"name\":\"Posici\u00f3n\"}]},{\"@type\":\"WebSite\",\"@id\":\"https:\/\/www.hotelnoemi.com\/#website\",\"url\":\"https:\/\/www.hotelnoemi.com\/\",\"name\":\"Hotel Noemi\",\"description\":\"San Marco Hotel\",\"potentialAction\":[{\"@type\":\"SearchAction\",\"target\":{\"@type\":\"EntryPoint\",\"urlTemplate\":\"https:\/\/www.hotelnoemi.com\/?s={search_term_string}\"},\"query-input\":\"required name=search_term_string\"}],\"inLanguage\":\"es\"}]}<\/script>\n<!-- \/ Yoast SEO plugin. -->","yoast_head_json":{"title":"Posici\u00f3n - Hotel Noemi","robots":{"index":"index","follow":"follow","max-snippet":"max-snippet:-1","max-image-preview":"max-image-preview:large","max-video-preview":"max-video-preview:-1"},"canonical":"https:\/\/www.hotelnoemi.com\/es\/position\/","og_locale":"es_ES","og_type":"article","og_title":"Posici\u00f3n - Hotel Noemi","og_description":"El Hotel Noemi es f\u00e1cilmente alcanzable desde el Aeropuerto \u201cMarco Polo\u201d, desde la estaci\u00f3n de trenes y desde el terminal de autom\u00f3viles del Piazzale Roma o el Tronchetto. Informaciones: Red de autopistas: www.autostrade.it\u00a0 Aeropuerto de Venecia: www.veniceairport.it L\u00edneas y tarifas de vaporetos y autobuses: www.actv.it Horarios de trenes: www.fs-on-line.com Para[...]","og_url":"https:\/\/www.hotelnoemi.com\/es\/position\/","og_site_name":"Hotel Noemi","article_modified_time":"2015-03-06T09:23:10+00:00","og_image":[{"width":2048,"height":1365,"url":"https:\/\/www.hotelnoemi.com\/wp-content\/uploads\/2015\/03\/IMG_6605-2.jpg","type":"image\/jpeg"}],"twitter_misc":{"Tiempo de lectura":"1 minuto"},"schema":{"@context":"https:\/\/schema.org","@graph":[{"@type":"WebPage","@id":"https:\/\/www.hotelnoemi.com\/es\/position\/","url":"https:\/\/www.hotelnoemi.com\/es\/position\/","name":"Posici\u00f3n - Hotel Noemi","isPartOf":{"@id":"https:\/\/www.hotelnoemi.com\/#website"},"datePublished":"2014-08-14T19:43:34+00:00","dateModified":"2015-03-06T09:23:10+00:00","breadcrumb":{"@id":"https:\/\/www.hotelnoemi.com\/es\/position\/#breadcrumb"},"inLanguage":"es","potentialAction":[{"@type":"ReadAction","target":["https:\/\/www.hotelnoemi.com\/es\/position\/"]}]},{"@type":"BreadcrumbList","@id":"https:\/\/www.hotelnoemi.com\/es\/position\/#breadcrumb","itemListElement":[{"@type":"ListItem","position":1,"name":"Home","item":"https:\/\/www.hotelnoemi.com\/es\/"},{"@type":"ListItem","position":2,"name":"Posici\u00f3n"}]},{"@type":"WebSite","@id":"https:\/\/www.hotelnoemi.com\/#website","url":"https:\/\/www.hotelnoemi.com\/","name":"Hotel Noemi","description":"San Marco Hotel","potentialAction":[{"@type":"SearchAction","target":{"@type":"EntryPoint","urlTemplate":"https:\/\/www.hotelnoemi.com\/?s={search_term_string}"},"query-input":"required name=search_term_string"}],"inLanguage":"es"}]}},"wps_subtitle":"","_links":{"self":[{"href":"https:\/\/www.hotelnoemi.com\/es\/wp-json\/wp\/v2\/pages\/548","targetHints":{"allow":["GET"]}}],"collection":[{"href":"https:\/\/www.hotelnoemi.com\/es\/wp-json\/wp\/v2\/pages"}],"about":[{"href":"https:\/\/www.hotelnoemi.com\/es\/wp-json\/wp\/v2\/types\/page"}],"author":[{"embeddable":true,"href":"https:\/\/www.hotelnoemi.com\/es\/wp-json\/wp\/v2\/users\/1"}],"replies":[{"embeddable":true,"href":"https:\/\/www.hotelnoemi.com\/es\/wp-json\/wp\/v2\/comments?post=548"}],"version-history":[{"count":4,"href":"https:\/\/www.hotelnoemi.com\/es\/wp-json\/wp\/v2\/pages\/548\/revisions"}],"predecessor-version":[{"id":1508,"href":"https:\/\/www.hotelnoemi.com\/es\/wp-json\/wp\/v2\/pages\/548\/revisions\/1508"}],"wp:featuredmedia":[{"embeddable":true,"href":"https:\/\/www.hotelnoemi.com\/es\/wp-json\/wp\/v2\/media\/1419"}],"wp:attachment":[{"href":"https:\/\/www.hotelnoemi.com\/es\/wp-json\/wp\/v2\/media?parent=548"}],"curies":[{"name":"wp","href":"https:\/\/api.w.org\/{rel}","templated":true}]}}