{"id":583,"date":"2014-08-14T21:13:41","date_gmt":"2014-08-14T21:13:41","guid":{"rendered":"http:\/\/www.residenzagoldoni.com\/?page_id=583"},"modified":"2020-09-02T08:48:44","modified_gmt":"2020-09-02T08:48:44","slug":"reservas","status":"publish","type":"page","link":"https:\/\/www.hotelnoemi.com\/es\/reservas\/","title":{"rendered":"Contacto"},"content":{"rendered":"<p><em><strong>***El conserje estar\u00e1 atendido solo durante el d\u00eda ya que durante este per\u00edodo de Covid para salvaguardar la salud del personal y los hu\u00e9spedes hemos implementado un servicio de auto check-in con entrada contingente a trav\u00e9s de teclado electr\u00f3nico.***<\/strong><\/em><\/p>\n<p>\u00bfPrefiere pedir informaci\u00f3n por e-mail a nuestro personal? \u00bfTiene alguna petici\u00f3n en particular que nuestro sistema de reserva online no le satisface? Rellene el formulario de solicitud de disponibilidad y recibir\u00e1 todas las respuestas que desee directamente en su buz\u00f3n de correo electr\u00f3nico.<\/p>\n<p><em><strong>Si desea traer a su perro durante su estancia hay un suplemento de 10 \u20ac por noche. Gracias.<\/strong><\/em><\/p>\n","protected":false},"excerpt":{"rendered":"<p>***El conserje estar\u00e1 atendido solo durante el d\u00eda ya que durante este per\u00edodo de Covid para salvaguardar la salud del personal y los hu\u00e9spedes hemos implementado un servicio de auto check-in con entrada contingente a trav\u00e9s de teclado electr\u00f3nico.*** \u00bfPrefiere pedir informaci\u00f3n por e-mail a nuestro personal? \u00bfTiene alguna petici\u00f3n[&#8230;]<\/p>\n","protected":false},"author":1,"featured_media":0,"parent":0,"menu_order":0,"comment_status":"closed","ping_status":"closed","template":"template-booking.php","meta":{"_monsterinsights_skip_tracking":false,"_monsterinsights_sitenote_active":false,"_monsterinsights_sitenote_note":"","_monsterinsights_sitenote_category":0,"footnotes":""},"class_list":["post-583","page","type-page","status-publish","hentry"],"yoast_head":"<!-- This site is optimized with the Yoast SEO plugin v19.13 - https:\/\/yoast.com\/wordpress\/plugins\/seo\/ -->\n<title>Contacto - Hotel Noemi<\/title>\n<meta name=\"robots\" content=\"index, follow, max-snippet:-1, max-image-preview:large, max-video-preview:-1\" \/>\n<link rel=\"canonical\" href=\"https:\/\/www.hotelnoemi.com\/es\/reservas\/\" \/>\n<meta property=\"og:locale\" content=\"es_ES\" \/>\n<meta property=\"og:type\" content=\"article\" \/>\n<meta property=\"og:title\" content=\"Contacto - Hotel Noemi\" \/>\n<meta property=\"og:description\" content=\"***El conserje estar\u00e1 atendido solo durante el d\u00eda ya que durante este per\u00edodo de Covid para salvaguardar la salud del personal y los hu\u00e9spedes hemos implementado un servicio de auto check-in con entrada contingente a trav\u00e9s de teclado electr\u00f3nico.*** \u00bfPrefiere pedir informaci\u00f3n por e-mail a nuestro personal? \u00bfTiene alguna petici\u00f3n[...]\" \/>\n<meta property=\"og:url\" content=\"https:\/\/www.hotelnoemi.com\/es\/reservas\/\" \/>\n<meta property=\"og:site_name\" content=\"Hotel Noemi\" \/>\n<meta property=\"article:modified_time\" content=\"2020-09-02T08:48:44+00:00\" \/>\n<meta name=\"twitter:label1\" content=\"Tiempo de lectura\" \/>\n\t<meta name=\"twitter:data1\" content=\"1 minuto\" \/>\n<script type=\"application\/ld+json\" class=\"yoast-schema-graph\">{\"@context\":\"https:\/\/schema.org\",\"@graph\":[{\"@type\":\"WebPage\",\"@id\":\"https:\/\/www.hotelnoemi.com\/es\/reservas\/\",\"url\":\"https:\/\/www.hotelnoemi.com\/es\/reservas\/\",\"name\":\"Contacto - Hotel Noemi\",\"isPartOf\":{\"@id\":\"https:\/\/www.hotelnoemi.com\/#website\"},\"datePublished\":\"2014-08-14T21:13:41+00:00\",\"dateModified\":\"2020-09-02T08:48:44+00:00\",\"breadcrumb\":{\"@id\":\"https:\/\/www.hotelnoemi.com\/es\/reservas\/#breadcrumb\"},\"inLanguage\":\"es\",\"potentialAction\":[{\"@type\":\"ReadAction\",\"target\":[\"https:\/\/www.hotelnoemi.com\/es\/reservas\/\"]}]},{\"@type\":\"BreadcrumbList\",\"@id\":\"https:\/\/www.hotelnoemi.com\/es\/reservas\/#breadcrumb\",\"itemListElement\":[{\"@type\":\"ListItem\",\"position\":1,\"name\":\"Home\",\"item\":\"https:\/\/www.hotelnoemi.com\/es\/\"},{\"@type\":\"ListItem\",\"position\":2,\"name\":\"Contacto\"}]},{\"@type\":\"WebSite\",\"@id\":\"https:\/\/www.hotelnoemi.com\/#website\",\"url\":\"https:\/\/www.hotelnoemi.com\/\",\"name\":\"Hotel Noemi\",\"description\":\"San Marco Hotel\",\"potentialAction\":[{\"@type\":\"SearchAction\",\"target\":{\"@type\":\"EntryPoint\",\"urlTemplate\":\"https:\/\/www.hotelnoemi.com\/?s={search_term_string}\"},\"query-input\":\"required name=search_term_string\"}],\"inLanguage\":\"es\"}]}<\/script>\n<!-- \/ Yoast SEO plugin. -->","yoast_head_json":{"title":"Contacto - Hotel Noemi","robots":{"index":"index","follow":"follow","max-snippet":"max-snippet:-1","max-image-preview":"max-image-preview:large","max-video-preview":"max-video-preview:-1"},"canonical":"https:\/\/www.hotelnoemi.com\/es\/reservas\/","og_locale":"es_ES","og_type":"article","og_title":"Contacto - Hotel Noemi","og_description":"***El conserje estar\u00e1 atendido solo durante el d\u00eda ya que durante este per\u00edodo de Covid para salvaguardar la salud del personal y los hu\u00e9spedes hemos implementado un servicio de auto check-in con entrada contingente a trav\u00e9s de teclado electr\u00f3nico.*** \u00bfPrefiere pedir informaci\u00f3n por e-mail a nuestro personal? \u00bfTiene alguna petici\u00f3n[...]","og_url":"https:\/\/www.hotelnoemi.com\/es\/reservas\/","og_site_name":"Hotel Noemi","article_modified_time":"2020-09-02T08:48:44+00:00","twitter_misc":{"Tiempo de lectura":"1 minuto"},"schema":{"@context":"https:\/\/schema.org","@graph":[{"@type":"WebPage","@id":"https:\/\/www.hotelnoemi.com\/es\/reservas\/","url":"https:\/\/www.hotelnoemi.com\/es\/reservas\/","name":"Contacto - Hotel Noemi","isPartOf":{"@id":"https:\/\/www.hotelnoemi.com\/#website"},"datePublished":"2014-08-14T21:13:41+00:00","dateModified":"2020-09-02T08:48:44+00:00","breadcrumb":{"@id":"https:\/\/www.hotelnoemi.com\/es\/reservas\/#breadcrumb"},"inLanguage":"es","potentialAction":[{"@type":"ReadAction","target":["https:\/\/www.hotelnoemi.com\/es\/reservas\/"]}]},{"@type":"BreadcrumbList","@id":"https:\/\/www.hotelnoemi.com\/es\/reservas\/#breadcrumb","itemListElement":[{"@type":"ListItem","position":1,"name":"Home","item":"https:\/\/www.hotelnoemi.com\/es\/"},{"@type":"ListItem","position":2,"name":"Contacto"}]},{"@type":"WebSite","@id":"https:\/\/www.hotelnoemi.com\/#website","url":"https:\/\/www.hotelnoemi.com\/","name":"Hotel Noemi","description":"San Marco Hotel","potentialAction":[{"@type":"SearchAction","target":{"@type":"EntryPoint","urlTemplate":"https:\/\/www.hotelnoemi.com\/?s={search_term_string}"},"query-input":"required name=search_term_string"}],"inLanguage":"es"}]}},"wps_subtitle":"","_links":{"self":[{"href":"https:\/\/www.hotelnoemi.com\/es\/wp-json\/wp\/v2\/pages\/583","targetHints":{"allow":["GET"]}}],"collection":[{"href":"https:\/\/www.hotelnoemi.com\/es\/wp-json\/wp\/v2\/pages"}],"about":[{"href":"https:\/\/www.hotelnoemi.com\/es\/wp-json\/wp\/v2\/types\/page"}],"author":[{"embeddable":true,"href":"https:\/\/www.hotelnoemi.com\/es\/wp-json\/wp\/v2\/users\/1"}],"replies":[{"embeddable":true,"href":"https:\/\/www.hotelnoemi.com\/es\/wp-json\/wp\/v2\/comments?post=583"}],"version-history":[{"count":3,"href":"https:\/\/www.hotelnoemi.com\/es\/wp-json\/wp\/v2\/pages\/583\/revisions"}],"predecessor-version":[{"id":1650,"href":"https:\/\/www.hotelnoemi.com\/es\/wp-json\/wp\/v2\/pages\/583\/revisions\/1650"}],"wp:attachment":[{"href":"https:\/\/www.hotelnoemi.com\/es\/wp-json\/wp\/v2\/media?parent=583"}],"curies":[{"name":"wp","href":"https:\/\/api.w.org\/{rel}","templated":true}]}}