{"id":461,"date":"2014-08-22T15:24:47","date_gmt":"2014-08-22T15:24:47","guid":{"rendered":"http:\/\/www.residenzagoldoni.com\/?page_id=461"},"modified":"2020-09-02T08:45:22","modified_gmt":"2020-09-02T08:45:22","slug":"about-2","status":"publish","type":"page","link":"https:\/\/www.hotelnoemi.com\/fr\/about-2\/","title":{"rendered":"Hotel"},"content":{"rendered":"<p><em><strong>***Le concierge sera occup\u00e9 uniquement pendant la journ\u00e9e car pendant cette p\u00e9riode de Covid pour prot\u00e9ger la sant\u00e9 du personnel et des clients, nous avons mis en place un service d&rsquo;enregistrement automatique avec entr\u00e9e conditionnelle via un clavier \u00e9lectronique***<\/strong><\/em><\/p>\n<p>Hotel Noemi est situ\u00e9 au coeur m\u00eame de Venise, \u00e0 seulement 50 m\u00e8tres de la Place Saint-Marc, dans une des principales Calli (petites ruelles) qui vont du Pont de Rialto \u00e0 la Place Saint-Marc.<\/p>\n<p>Le h\u00f4tel, \u00e0 gestion familiale, <strong>vient d&rsquo;\u00eatre restructur\u00e9 avec le plus grand soin et un raffinement particulier<\/strong>.<br \/>\nIl dispose de chambres meubl\u00e9es avec \u00e9l\u00e9gance dans le style v\u00e9nitien du dix-huiti\u00e8me si\u00e8cle, mais il est aussi dot\u00e9 de tous les conforts modernes.<\/p>\n<p><strong>SERVICES:<\/strong><\/p>\n<p>\u2022 Connexion internet Wi-Fi gratuit<br \/>\n\u2022 Service du concierge 24 heures<br \/>\n\u2022 R\u00e9servation de visites guid\u00e9es et d&rsquo;excursions<\/p>\n<p><em><strong>S&rsquo;il vous pla\u00eet notez que si vous souhaitez apporter votre chien pendant votre s\u00e9jour il ya un suppl\u00e9ment de 10 \u20ac par nuit. Merci.<\/strong><\/em><\/p>\n<div id='gallery-1' class='gallery galleryid-461 gallery-columns-4 gallery-size-thumbnail'><figure class='gallery-item'>\n\t\t\t<div class='gallery-icon landscape'>\n\t\t\t\t<a href='https:\/\/www.hotelnoemi.com\/wp-content\/uploads\/2015\/03\/IMG_6605-2.jpg' data-rel=\"prettyPhoto[461]\" data-rel=\"prettyPhoto[461]\"><img loading=\"lazy\" decoding=\"async\" width=\"150\" height=\"150\" src=\"https:\/\/www.hotelnoemi.com\/wp-content\/uploads\/2015\/03\/IMG_6605-2-150x150.jpg\" class=\"attachment-thumbnail size-thumbnail\" alt=\"external view 2\" srcset=\"https:\/\/www.hotelnoemi.com\/wp-content\/uploads\/2015\/03\/IMG_6605-2-150x150.jpg 150w, https:\/\/www.hotelnoemi.com\/wp-content\/uploads\/2015\/03\/IMG_6605-2-100x100.jpg 100w\" sizes=\"auto, (max-width: 150px) 100vw, 150px\" \/><\/a>\n\t\t\t<\/div><\/figure><figure class='gallery-item'>\n\t\t\t<div class='gallery-icon landscape'>\n\t\t\t\t<a href='https:\/\/www.hotelnoemi.com\/wp-content\/uploads\/2015\/03\/IMG_6630.jpg' data-rel=\"prettyPhoto[461]\" data-rel=\"prettyPhoto[461]\"><img loading=\"lazy\" decoding=\"async\" width=\"150\" height=\"150\" src=\"https:\/\/www.hotelnoemi.com\/wp-content\/uploads\/2015\/03\/IMG_6630-150x150.jpg\" class=\"attachment-thumbnail size-thumbnail\" alt=\"entrance hall with main entrance\" srcset=\"https:\/\/www.hotelnoemi.com\/wp-content\/uploads\/2015\/03\/IMG_6630-150x150.jpg 150w, https:\/\/www.hotelnoemi.com\/wp-content\/uploads\/2015\/03\/IMG_6630-100x100.jpg 100w\" sizes=\"auto, (max-width: 150px) 100vw, 150px\" \/><\/a>\n\t\t\t<\/div><\/figure><figure class='gallery-item'>\n\t\t\t<div class='gallery-icon landscape'>\n\t\t\t\t<a href='https:\/\/www.hotelnoemi.com\/wp-content\/uploads\/2015\/03\/IMG_6598.jpg' data-rel=\"prettyPhoto[461]\" data-rel=\"prettyPhoto[461]\"><img loading=\"lazy\" decoding=\"async\" width=\"150\" height=\"150\" src=\"https:\/\/www.hotelnoemi.com\/wp-content\/uploads\/2015\/03\/IMG_6598-150x150.jpg\" class=\"attachment-thumbnail size-thumbnail\" alt=\"hotel noemi scala\" srcset=\"https:\/\/www.hotelnoemi.com\/wp-content\/uploads\/2015\/03\/IMG_6598-150x150.jpg 150w, https:\/\/www.hotelnoemi.com\/wp-content\/uploads\/2015\/03\/IMG_6598-100x100.jpg 100w\" sizes=\"auto, (max-width: 150px) 100vw, 150px\" \/><\/a>\n\t\t\t<\/div><\/figure><figure class='gallery-item'>\n\t\t\t<div class='gallery-icon landscape'>\n\t\t\t\t<a href='https:\/\/www.hotelnoemi.com\/wp-content\/uploads\/2015\/03\/IMG_6568.jpg' data-rel=\"prettyPhoto[461]\" data-rel=\"prettyPhoto[461]\"><img loading=\"lazy\" decoding=\"async\" width=\"150\" height=\"150\" src=\"https:\/\/www.hotelnoemi.com\/wp-content\/uploads\/2015\/03\/IMG_6568-150x150.jpg\" class=\"attachment-thumbnail size-thumbnail\" alt=\"hotel noemi camera oro bianco da vicino\" srcset=\"https:\/\/www.hotelnoemi.com\/wp-content\/uploads\/2015\/03\/IMG_6568-150x150.jpg 150w, https:\/\/www.hotelnoemi.com\/wp-content\/uploads\/2015\/03\/IMG_6568-100x100.jpg 100w\" sizes=\"auto, (max-width: 150px) 100vw, 150px\" \/><\/a>\n\t\t\t<\/div><\/figure><figure class='gallery-item'>\n\t\t\t<div class='gallery-icon landscape'>\n\t\t\t\t<a href='https:\/\/www.hotelnoemi.com\/wp-content\/uploads\/2015\/03\/IMG_6518.jpg' data-rel=\"prettyPhoto[461]\" data-rel=\"prettyPhoto[461]\"><img loading=\"lazy\" decoding=\"async\" width=\"150\" height=\"150\" src=\"https:\/\/www.hotelnoemi.com\/wp-content\/uploads\/2015\/03\/IMG_6518-150x150.jpg\" class=\"attachment-thumbnail size-thumbnail\" alt=\"hotel noemi vista sala e ingresso\" srcset=\"https:\/\/www.hotelnoemi.com\/wp-content\/uploads\/2015\/03\/IMG_6518-150x150.jpg 150w, https:\/\/www.hotelnoemi.com\/wp-content\/uploads\/2015\/03\/IMG_6518-100x100.jpg 100w\" sizes=\"auto, (max-width: 150px) 100vw, 150px\" \/><\/a>\n\t\t\t<\/div><\/figure><figure class='gallery-item'>\n\t\t\t<div class='gallery-icon landscape'>\n\t\t\t\t<a href='https:\/\/www.hotelnoemi.com\/wp-content\/uploads\/2015\/03\/IMG_6512.jpg' data-rel=\"prettyPhoto[461]\" data-rel=\"prettyPhoto[461]\"><img loading=\"lazy\" decoding=\"async\" width=\"150\" height=\"150\" src=\"https:\/\/www.hotelnoemi.com\/wp-content\/uploads\/2015\/03\/IMG_6512-150x150.jpg\" class=\"attachment-thumbnail size-thumbnail\" alt=\"hotel noemi statua indiana\" srcset=\"https:\/\/www.hotelnoemi.com\/wp-content\/uploads\/2015\/03\/IMG_6512-150x150.jpg 150w, https:\/\/www.hotelnoemi.com\/wp-content\/uploads\/2015\/03\/IMG_6512-100x100.jpg 100w\" sizes=\"auto, (max-width: 150px) 100vw, 150px\" \/><\/a>\n\t\t\t<\/div><\/figure><figure class='gallery-item'>\n\t\t\t<div class='gallery-icon landscape'>\n\t\t\t\t<a href='https:\/\/www.hotelnoemi.com\/wp-content\/uploads\/2015\/03\/IMG_5386.jpg' data-rel=\"prettyPhoto[461]\" data-rel=\"prettyPhoto[461]\"><img loading=\"lazy\" decoding=\"async\" width=\"150\" height=\"150\" src=\"https:\/\/www.hotelnoemi.com\/wp-content\/uploads\/2015\/03\/IMG_5386-150x150.jpg\" class=\"attachment-thumbnail size-thumbnail\" alt=\"hotel noemi colazione\" srcset=\"https:\/\/www.hotelnoemi.com\/wp-content\/uploads\/2015\/03\/IMG_5386-150x150.jpg 150w, https:\/\/www.hotelnoemi.com\/wp-content\/uploads\/2015\/03\/IMG_5386-100x100.jpg 100w\" sizes=\"auto, (max-width: 150px) 100vw, 150px\" \/><\/a>\n\t\t\t<\/div><\/figure><figure class='gallery-item'>\n\t\t\t<div class='gallery-icon landscape'>\n\t\t\t\t<a href='https:\/\/www.hotelnoemi.com\/wp-content\/uploads\/2015\/03\/IMG_5346.jpg' data-rel=\"prettyPhoto[461]\" data-rel=\"prettyPhoto[461]\"><img loading=\"lazy\" decoding=\"async\" width=\"150\" height=\"150\" src=\"https:\/\/www.hotelnoemi.com\/wp-content\/uploads\/2015\/03\/IMG_5346-150x150.jpg\" class=\"attachment-thumbnail size-thumbnail\" alt=\"hotel noemi sala colazione 4\" srcset=\"https:\/\/www.hotelnoemi.com\/wp-content\/uploads\/2015\/03\/IMG_5346-150x150.jpg 150w, https:\/\/www.hotelnoemi.com\/wp-content\/uploads\/2015\/03\/IMG_5346-100x100.jpg 100w\" sizes=\"auto, (max-width: 150px) 100vw, 150px\" \/><\/a>\n\t\t\t<\/div><\/figure>\n\t\t<\/div>\n\n","protected":false},"excerpt":{"rendered":"<p>***Le concierge sera occup\u00e9 uniquement pendant la journ\u00e9e car pendant cette p\u00e9riode de Covid pour prot\u00e9ger la sant\u00e9 du personnel et des clients, nous avons mis en place un service d&rsquo;enregistrement automatique avec entr\u00e9e conditionnelle via un clavier \u00e9lectronique*** Hotel Noemi est situ\u00e9 au coeur m\u00eame de Venise, \u00e0 seulement[&#8230;]<\/p>\n","protected":false},"author":1,"featured_media":1428,"parent":0,"menu_order":0,"comment_status":"closed","ping_status":"closed","template":"","meta":{"_monsterinsights_skip_tracking":false,"_monsterinsights_sitenote_active":false,"_monsterinsights_sitenote_note":"","_monsterinsights_sitenote_category":0,"footnotes":""},"class_list":["post-461","page","type-page","status-publish","has-post-thumbnail","hentry"],"yoast_head":"<!-- This site is optimized with the Yoast SEO plugin v19.13 - https:\/\/yoast.com\/wordpress\/plugins\/seo\/ -->\n<title>Hotel - Hotel Noemi<\/title>\n<meta name=\"robots\" content=\"index, follow, max-snippet:-1, max-image-preview:large, max-video-preview:-1\" \/>\n<link rel=\"canonical\" href=\"https:\/\/www.hotelnoemi.com\/fr\/about-2\/\" \/>\n<meta property=\"og:locale\" content=\"fr_FR\" \/>\n<meta property=\"og:type\" content=\"article\" \/>\n<meta property=\"og:title\" content=\"Hotel - Hotel Noemi\" \/>\n<meta property=\"og:description\" content=\"***Le concierge sera occup\u00e9 uniquement pendant la journ\u00e9e car pendant cette p\u00e9riode de Covid pour prot\u00e9ger la sant\u00e9 du personnel et des clients, nous avons mis en place un service d&rsquo;enregistrement automatique avec entr\u00e9e conditionnelle via un clavier \u00e9lectronique*** Hotel Noemi est situ\u00e9 au coeur m\u00eame de Venise, \u00e0 seulement[...]\" \/>\n<meta property=\"og:url\" content=\"https:\/\/www.hotelnoemi.com\/fr\/about-2\/\" \/>\n<meta property=\"og:site_name\" content=\"Hotel Noemi\" \/>\n<meta property=\"article:modified_time\" content=\"2020-09-02T08:45:22+00:00\" \/>\n<meta property=\"og:image\" content=\"https:\/\/www.hotelnoemi.com\/wp-content\/uploads\/2015\/03\/IMG_6631.jpg\" \/>\n\t<meta property=\"og:image:width\" content=\"2048\" \/>\n\t<meta property=\"og:image:height\" content=\"1365\" \/>\n\t<meta property=\"og:image:type\" content=\"image\/jpeg\" \/>\n<meta name=\"twitter:label1\" content=\"Dur\u00e9e de lecture estim\u00e9e\" \/>\n\t<meta name=\"twitter:data1\" content=\"1 minute\" \/>\n<script type=\"application\/ld+json\" class=\"yoast-schema-graph\">{\"@context\":\"https:\/\/schema.org\",\"@graph\":[{\"@type\":\"WebPage\",\"@id\":\"https:\/\/www.hotelnoemi.com\/fr\/about-2\/\",\"url\":\"https:\/\/www.hotelnoemi.com\/fr\/about-2\/\",\"name\":\"Hotel - Hotel Noemi\",\"isPartOf\":{\"@id\":\"https:\/\/www.hotelnoemi.com\/#website\"},\"datePublished\":\"2014-08-22T15:24:47+00:00\",\"dateModified\":\"2020-09-02T08:45:22+00:00\",\"breadcrumb\":{\"@id\":\"https:\/\/www.hotelnoemi.com\/fr\/about-2\/#breadcrumb\"},\"inLanguage\":\"fr-FR\",\"potentialAction\":[{\"@type\":\"ReadAction\",\"target\":[\"https:\/\/www.hotelnoemi.com\/fr\/about-2\/\"]}]},{\"@type\":\"BreadcrumbList\",\"@id\":\"https:\/\/www.hotelnoemi.com\/fr\/about-2\/#breadcrumb\",\"itemListElement\":[{\"@type\":\"ListItem\",\"position\":1,\"name\":\"Home\",\"item\":\"https:\/\/www.hotelnoemi.com\/fr\/\"},{\"@type\":\"ListItem\",\"position\":2,\"name\":\"Hotel\"}]},{\"@type\":\"WebSite\",\"@id\":\"https:\/\/www.hotelnoemi.com\/#website\",\"url\":\"https:\/\/www.hotelnoemi.com\/\",\"name\":\"Hotel Noemi\",\"description\":\"San Marco Hotel\",\"potentialAction\":[{\"@type\":\"SearchAction\",\"target\":{\"@type\":\"EntryPoint\",\"urlTemplate\":\"https:\/\/www.hotelnoemi.com\/?s={search_term_string}\"},\"query-input\":\"required name=search_term_string\"}],\"inLanguage\":\"fr-FR\"}]}<\/script>\n<!-- \/ Yoast SEO plugin. -->","yoast_head_json":{"title":"Hotel - Hotel Noemi","robots":{"index":"index","follow":"follow","max-snippet":"max-snippet:-1","max-image-preview":"max-image-preview:large","max-video-preview":"max-video-preview:-1"},"canonical":"https:\/\/www.hotelnoemi.com\/fr\/about-2\/","og_locale":"fr_FR","og_type":"article","og_title":"Hotel - Hotel Noemi","og_description":"***Le concierge sera occup\u00e9 uniquement pendant la journ\u00e9e car pendant cette p\u00e9riode de Covid pour prot\u00e9ger la sant\u00e9 du personnel et des clients, nous avons mis en place un service d&rsquo;enregistrement automatique avec entr\u00e9e conditionnelle via un clavier \u00e9lectronique*** Hotel Noemi est situ\u00e9 au coeur m\u00eame de Venise, \u00e0 seulement[...]","og_url":"https:\/\/www.hotelnoemi.com\/fr\/about-2\/","og_site_name":"Hotel Noemi","article_modified_time":"2020-09-02T08:45:22+00:00","og_image":[{"width":2048,"height":1365,"url":"https:\/\/www.hotelnoemi.com\/wp-content\/uploads\/2015\/03\/IMG_6631.jpg","type":"image\/jpeg"}],"twitter_misc":{"Dur\u00e9e de lecture estim\u00e9e":"1 minute"},"schema":{"@context":"https:\/\/schema.org","@graph":[{"@type":"WebPage","@id":"https:\/\/www.hotelnoemi.com\/fr\/about-2\/","url":"https:\/\/www.hotelnoemi.com\/fr\/about-2\/","name":"Hotel - Hotel Noemi","isPartOf":{"@id":"https:\/\/www.hotelnoemi.com\/#website"},"datePublished":"2014-08-22T15:24:47+00:00","dateModified":"2020-09-02T08:45:22+00:00","breadcrumb":{"@id":"https:\/\/www.hotelnoemi.com\/fr\/about-2\/#breadcrumb"},"inLanguage":"fr-FR","potentialAction":[{"@type":"ReadAction","target":["https:\/\/www.hotelnoemi.com\/fr\/about-2\/"]}]},{"@type":"BreadcrumbList","@id":"https:\/\/www.hotelnoemi.com\/fr\/about-2\/#breadcrumb","itemListElement":[{"@type":"ListItem","position":1,"name":"Home","item":"https:\/\/www.hotelnoemi.com\/fr\/"},{"@type":"ListItem","position":2,"name":"Hotel"}]},{"@type":"WebSite","@id":"https:\/\/www.hotelnoemi.com\/#website","url":"https:\/\/www.hotelnoemi.com\/","name":"Hotel Noemi","description":"San Marco Hotel","potentialAction":[{"@type":"SearchAction","target":{"@type":"EntryPoint","urlTemplate":"https:\/\/www.hotelnoemi.com\/?s={search_term_string}"},"query-input":"required name=search_term_string"}],"inLanguage":"fr-FR"}]}},"wps_subtitle":"","_links":{"self":[{"href":"https:\/\/www.hotelnoemi.com\/fr\/wp-json\/wp\/v2\/pages\/461","targetHints":{"allow":["GET"]}}],"collection":[{"href":"https:\/\/www.hotelnoemi.com\/fr\/wp-json\/wp\/v2\/pages"}],"about":[{"href":"https:\/\/www.hotelnoemi.com\/fr\/wp-json\/wp\/v2\/types\/page"}],"author":[{"embeddable":true,"href":"https:\/\/www.hotelnoemi.com\/fr\/wp-json\/wp\/v2\/users\/1"}],"replies":[{"embeddable":true,"href":"https:\/\/www.hotelnoemi.com\/fr\/wp-json\/wp\/v2\/comments?post=461"}],"version-history":[{"count":8,"href":"https:\/\/www.hotelnoemi.com\/fr\/wp-json\/wp\/v2\/pages\/461\/revisions"}],"predecessor-version":[{"id":1645,"href":"https:\/\/www.hotelnoemi.com\/fr\/wp-json\/wp\/v2\/pages\/461\/revisions\/1645"}],"wp:featuredmedia":[{"embeddable":true,"href":"https:\/\/www.hotelnoemi.com\/fr\/wp-json\/wp\/v2\/media\/1428"}],"wp:attachment":[{"href":"https:\/\/www.hotelnoemi.com\/fr\/wp-json\/wp\/v2\/media?parent=461"}],"curies":[{"name":"wp","href":"https:\/\/api.w.org\/{rel}","templated":true}]}}