{"id":488,"date":"2014-03-10T20:31:23","date_gmt":"2014-03-10T20:31:23","guid":{"rendered":"http:\/\/www.residenzagoldoni.com\/?page_id=488"},"modified":"2015-03-20T13:58:59","modified_gmt":"2015-03-20T13:58:59","slug":"rooms","status":"publish","type":"page","link":"https:\/\/www.hotelnoemi.com\/fr\/rooms\/","title":{"rendered":"Chambres"},"content":{"rendered":"<p>H\u00f4tel Noemi dispose de 16 chambres claires et confortables dot\u00e9es de services priv\u00e9s et meubl\u00e9es dans le style v\u00e9nitien du dix-huiti\u00e8me si\u00e8cle. Certaines d&rsquo;elles donnent sur la calle principaleToutes sont dot\u00e9es de s\u00e9che-cheveux, Tv-sat, t\u00e9l\u00e9phone, coffre, d&rsquo;air conditionn\u00e9 et internet.<\/p>\n<div id='gallery-1' class='gallery galleryid-488 gallery-columns-4 gallery-size-thumbnail'><figure class='gallery-item'>\n\t\t\t<div class='gallery-icon landscape'>\n\t\t\t\t<a href='https:\/\/www.hotelnoemi.com\/wp-content\/uploads\/2015\/03\/IMG_6568.jpg' data-rel=\"prettyPhoto[488]\" data-rel=\"prettyPhoto[488]\"><img loading=\"lazy\" decoding=\"async\" width=\"150\" height=\"150\" src=\"https:\/\/www.hotelnoemi.com\/wp-content\/uploads\/2015\/03\/IMG_6568-150x150.jpg\" class=\"attachment-thumbnail size-thumbnail\" alt=\"hotel noemi camera oro bianco da vicino\" srcset=\"https:\/\/www.hotelnoemi.com\/wp-content\/uploads\/2015\/03\/IMG_6568-150x150.jpg 150w, https:\/\/www.hotelnoemi.com\/wp-content\/uploads\/2015\/03\/IMG_6568-100x100.jpg 100w\" sizes=\"auto, (max-width: 150px) 100vw, 150px\" \/><\/a>\n\t\t\t<\/div><\/figure><figure class='gallery-item'>\n\t\t\t<div class='gallery-icon landscape'>\n\t\t\t\t<a href='https:\/\/www.hotelnoemi.com\/wp-content\/uploads\/2015\/03\/IMG_5500.jpg' data-rel=\"prettyPhoto[488]\" data-rel=\"prettyPhoto[488]\"><img loading=\"lazy\" decoding=\"async\" width=\"150\" height=\"150\" src=\"https:\/\/www.hotelnoemi.com\/wp-content\/uploads\/2015\/03\/IMG_5500-150x150.jpg\" class=\"attachment-thumbnail size-thumbnail\" alt=\"hotel noemi camera oro e bianco vista letto 2\" srcset=\"https:\/\/www.hotelnoemi.com\/wp-content\/uploads\/2015\/03\/IMG_5500-150x150.jpg 150w, https:\/\/www.hotelnoemi.com\/wp-content\/uploads\/2015\/03\/IMG_5500-100x100.jpg 100w\" sizes=\"auto, (max-width: 150px) 100vw, 150px\" \/><\/a>\n\t\t\t<\/div><\/figure><figure class='gallery-item'>\n\t\t\t<div class='gallery-icon landscape'>\n\t\t\t\t<a href='https:\/\/www.hotelnoemi.com\/wp-content\/uploads\/2015\/03\/IMG_5484.jpg' data-rel=\"prettyPhoto[488]\" data-rel=\"prettyPhoto[488]\"><img loading=\"lazy\" decoding=\"async\" width=\"150\" height=\"150\" src=\"https:\/\/www.hotelnoemi.com\/wp-content\/uploads\/2015\/03\/IMG_5484-150x150.jpg\" class=\"attachment-thumbnail size-thumbnail\" alt=\"hotel noemi camera oro e blu vista letto con bicchieri champagne\" srcset=\"https:\/\/www.hotelnoemi.com\/wp-content\/uploads\/2015\/03\/IMG_5484-150x150.jpg 150w, https:\/\/www.hotelnoemi.com\/wp-content\/uploads\/2015\/03\/IMG_5484-100x100.jpg 100w\" sizes=\"auto, (max-width: 150px) 100vw, 150px\" \/><\/a>\n\t\t\t<\/div><\/figure><figure class='gallery-item'>\n\t\t\t<div class='gallery-icon landscape'>\n\t\t\t\t<a href='https:\/\/www.hotelnoemi.com\/wp-content\/uploads\/2015\/03\/IMG_5490.jpg' data-rel=\"prettyPhoto[488]\" data-rel=\"prettyPhoto[488]\"><img loading=\"lazy\" decoding=\"async\" width=\"150\" height=\"150\" src=\"https:\/\/www.hotelnoemi.com\/wp-content\/uploads\/2015\/03\/IMG_5490-150x150.jpg\" class=\"attachment-thumbnail size-thumbnail\" alt=\"hotel noemi camera rossa vista letto e armadio\" srcset=\"https:\/\/www.hotelnoemi.com\/wp-content\/uploads\/2015\/03\/IMG_5490-150x150.jpg 150w, https:\/\/www.hotelnoemi.com\/wp-content\/uploads\/2015\/03\/IMG_5490-100x100.jpg 100w\" sizes=\"auto, (max-width: 150px) 100vw, 150px\" \/><\/a>\n\t\t\t<\/div><\/figure><figure class='gallery-item'>\n\t\t\t<div class='gallery-icon landscape'>\n\t\t\t\t<a href='https:\/\/www.hotelnoemi.com\/wp-content\/uploads\/2015\/03\/IMG_5461.jpg' data-rel=\"prettyPhoto[488]\" data-rel=\"prettyPhoto[488]\"><img loading=\"lazy\" decoding=\"async\" width=\"150\" height=\"150\" src=\"https:\/\/www.hotelnoemi.com\/wp-content\/uploads\/2015\/03\/IMG_5461-150x150.jpg\" class=\"attachment-thumbnail size-thumbnail\" alt=\"hotel noemi camera oro e blu vista letto da vicino con bicchieri e champagne\" srcset=\"https:\/\/www.hotelnoemi.com\/wp-content\/uploads\/2015\/03\/IMG_5461-150x150.jpg 150w, https:\/\/www.hotelnoemi.com\/wp-content\/uploads\/2015\/03\/IMG_5461-100x100.jpg 100w\" sizes=\"auto, (max-width: 150px) 100vw, 150px\" \/><\/a>\n\t\t\t<\/div><\/figure><figure class='gallery-item'>\n\t\t\t<div class='gallery-icon landscape'>\n\t\t\t\t<a href='https:\/\/www.hotelnoemi.com\/wp-content\/uploads\/2015\/03\/IMG_5471.jpg' data-rel=\"prettyPhoto[488]\" data-rel=\"prettyPhoto[488]\"><img loading=\"lazy\" decoding=\"async\" width=\"150\" height=\"150\" src=\"https:\/\/www.hotelnoemi.com\/wp-content\/uploads\/2015\/03\/IMG_5471-150x150.jpg\" class=\"attachment-thumbnail size-thumbnail\" alt=\"hotel noemi camera oro e blu vista letto frontale 2\" srcset=\"https:\/\/www.hotelnoemi.com\/wp-content\/uploads\/2015\/03\/IMG_5471-150x150.jpg 150w, https:\/\/www.hotelnoemi.com\/wp-content\/uploads\/2015\/03\/IMG_5471-100x100.jpg 100w\" sizes=\"auto, (max-width: 150px) 100vw, 150px\" \/><\/a>\n\t\t\t<\/div><\/figure><figure class='gallery-item'>\n\t\t\t<div class='gallery-icon landscape'>\n\t\t\t\t<a href='https:\/\/www.hotelnoemi.com\/wp-content\/uploads\/2015\/03\/IMG_5451.jpg' data-rel=\"prettyPhoto[488]\" data-rel=\"prettyPhoto[488]\"><img loading=\"lazy\" decoding=\"async\" width=\"150\" height=\"150\" src=\"https:\/\/www.hotelnoemi.com\/wp-content\/uploads\/2015\/03\/IMG_5451-150x150.jpg\" class=\"attachment-thumbnail size-thumbnail\" alt=\"hotel noemi camera oro blu e bianco vista letto con bicchieri e champagne\" srcset=\"https:\/\/www.hotelnoemi.com\/wp-content\/uploads\/2015\/03\/IMG_5451-150x150.jpg 150w, https:\/\/www.hotelnoemi.com\/wp-content\/uploads\/2015\/03\/IMG_5451-100x100.jpg 100w\" sizes=\"auto, (max-width: 150px) 100vw, 150px\" \/><\/a>\n\t\t\t<\/div><\/figure><figure class='gallery-item'>\n\t\t\t<div class='gallery-icon landscape'>\n\t\t\t\t<a href='https:\/\/www.hotelnoemi.com\/wp-content\/uploads\/2015\/03\/IMG_5457.jpg' data-rel=\"prettyPhoto[488]\" data-rel=\"prettyPhoto[488]\"><img loading=\"lazy\" decoding=\"async\" width=\"150\" height=\"150\" src=\"https:\/\/www.hotelnoemi.com\/wp-content\/uploads\/2015\/03\/IMG_5457-150x150.jpg\" class=\"attachment-thumbnail size-thumbnail\" alt=\"hotel neomi camera oro e blu vista letto da destra\" srcset=\"https:\/\/www.hotelnoemi.com\/wp-content\/uploads\/2015\/03\/IMG_5457-150x150.jpg 150w, https:\/\/www.hotelnoemi.com\/wp-content\/uploads\/2015\/03\/IMG_5457-100x100.jpg 100w\" sizes=\"auto, (max-width: 150px) 100vw, 150px\" \/><\/a>\n\t\t\t<\/div><\/figure><figure class='gallery-item'>\n\t\t\t<div class='gallery-icon landscape'>\n\t\t\t\t<a href='https:\/\/www.hotelnoemi.com\/wp-content\/uploads\/2015\/03\/IMG_5444.jpg' data-rel=\"prettyPhoto[488]\" data-rel=\"prettyPhoto[488]\"><img loading=\"lazy\" decoding=\"async\" width=\"150\" height=\"150\" src=\"https:\/\/www.hotelnoemi.com\/wp-content\/uploads\/2015\/03\/IMG_5444-150x150.jpg\" class=\"attachment-thumbnail size-thumbnail\" alt=\"hotel noemi camera oro blu e bianco\" srcset=\"https:\/\/www.hotelnoemi.com\/wp-content\/uploads\/2015\/03\/IMG_5444-150x150.jpg 150w, https:\/\/www.hotelnoemi.com\/wp-content\/uploads\/2015\/03\/IMG_5444-100x100.jpg 100w\" sizes=\"auto, (max-width: 150px) 100vw, 150px\" \/><\/a>\n\t\t\t<\/div><\/figure><figure class='gallery-item'>\n\t\t\t<div class='gallery-icon landscape'>\n\t\t\t\t<a href='https:\/\/www.hotelnoemi.com\/wp-content\/uploads\/2015\/03\/IMG_5421.jpg' data-rel=\"prettyPhoto[488]\" data-rel=\"prettyPhoto[488]\"><img loading=\"lazy\" decoding=\"async\" width=\"150\" height=\"150\" src=\"https:\/\/www.hotelnoemi.com\/wp-content\/uploads\/2015\/03\/IMG_5421-150x150.jpg\" class=\"attachment-thumbnail size-thumbnail\" alt=\"hotel noemi camera argento e bianco\" srcset=\"https:\/\/www.hotelnoemi.com\/wp-content\/uploads\/2015\/03\/IMG_5421-150x150.jpg 150w, https:\/\/www.hotelnoemi.com\/wp-content\/uploads\/2015\/03\/IMG_5421-100x100.jpg 100w\" sizes=\"auto, (max-width: 150px) 100vw, 150px\" \/><\/a>\n\t\t\t<\/div><\/figure><figure class='gallery-item'>\n\t\t\t<div class='gallery-icon landscape'>\n\t\t\t\t<a href='https:\/\/www.hotelnoemi.com\/wp-content\/uploads\/2015\/03\/IMG_5425.jpg' data-rel=\"prettyPhoto[488]\" data-rel=\"prettyPhoto[488]\"><img loading=\"lazy\" decoding=\"async\" width=\"150\" height=\"150\" src=\"https:\/\/www.hotelnoemi.com\/wp-content\/uploads\/2015\/03\/IMG_5425-150x150.jpg\" class=\"attachment-thumbnail size-thumbnail\" alt=\"hotel noemi bagno camera oro\" srcset=\"https:\/\/www.hotelnoemi.com\/wp-content\/uploads\/2015\/03\/IMG_5425-150x150.jpg 150w, https:\/\/www.hotelnoemi.com\/wp-content\/uploads\/2015\/03\/IMG_5425-100x100.jpg 100w\" sizes=\"auto, (max-width: 150px) 100vw, 150px\" \/><\/a>\n\t\t\t<\/div><\/figure><figure class='gallery-item'>\n\t\t\t<div class='gallery-icon landscape'>\n\t\t\t\t<a href='https:\/\/www.hotelnoemi.com\/wp-content\/uploads\/2015\/03\/IMG_5431.jpg' data-rel=\"prettyPhoto[488]\" data-rel=\"prettyPhoto[488]\"><img loading=\"lazy\" decoding=\"async\" width=\"150\" height=\"150\" src=\"https:\/\/www.hotelnoemi.com\/wp-content\/uploads\/2015\/03\/IMG_5431-150x150.jpg\" class=\"attachment-thumbnail size-thumbnail\" alt=\"hotel noemi logo asciugamano\" srcset=\"https:\/\/www.hotelnoemi.com\/wp-content\/uploads\/2015\/03\/IMG_5431-150x150.jpg 150w, https:\/\/www.hotelnoemi.com\/wp-content\/uploads\/2015\/03\/IMG_5431-100x100.jpg 100w\" sizes=\"auto, (max-width: 150px) 100vw, 150px\" \/><\/a>\n\t\t\t<\/div><\/figure>\n\t\t<\/div>\n\n<p>&nbsp;<\/p>\n","protected":false},"excerpt":{"rendered":"<p>H\u00f4tel Noemi dispose de 16 chambres claires et confortables dot\u00e9es de services priv\u00e9s et meubl\u00e9es dans le style v\u00e9nitien du dix-huiti\u00e8me si\u00e8cle. Certaines d&rsquo;elles donnent sur la calle principaleToutes sont dot\u00e9es de s\u00e9che-cheveux, Tv-sat, t\u00e9l\u00e9phone, coffre, d&rsquo;air conditionn\u00e9 et internet. &nbsp;<\/p>\n","protected":false},"author":1,"featured_media":1358,"parent":0,"menu_order":0,"comment_status":"closed","ping_status":"closed","template":"","meta":{"_monsterinsights_skip_tracking":false,"_monsterinsights_sitenote_active":false,"_monsterinsights_sitenote_note":"","_monsterinsights_sitenote_category":0,"footnotes":""},"class_list":["post-488","page","type-page","status-publish","has-post-thumbnail","hentry"],"yoast_head":"<!-- This site is optimized with the Yoast SEO plugin v19.13 - https:\/\/yoast.com\/wordpress\/plugins\/seo\/ -->\n<title>Chambres - Hotel Noemi<\/title>\n<meta name=\"robots\" content=\"index, follow, max-snippet:-1, max-image-preview:large, max-video-preview:-1\" \/>\n<link rel=\"canonical\" href=\"https:\/\/www.hotelnoemi.com\/fr\/rooms\/\" \/>\n<meta property=\"og:locale\" content=\"fr_FR\" \/>\n<meta property=\"og:type\" content=\"article\" \/>\n<meta property=\"og:title\" content=\"Chambres - Hotel Noemi\" \/>\n<meta property=\"og:description\" content=\"H\u00f4tel Noemi dispose de 16 chambres claires et confortables dot\u00e9es de services priv\u00e9s et meubl\u00e9es dans le style v\u00e9nitien du dix-huiti\u00e8me si\u00e8cle. Certaines d&rsquo;elles donnent sur la calle principaleToutes sont dot\u00e9es de s\u00e9che-cheveux, Tv-sat, t\u00e9l\u00e9phone, coffre, d&rsquo;air conditionn\u00e9 et internet. &nbsp;\" \/>\n<meta property=\"og:url\" content=\"https:\/\/www.hotelnoemi.com\/fr\/rooms\/\" \/>\n<meta property=\"og:site_name\" content=\"Hotel Noemi\" \/>\n<meta property=\"article:modified_time\" content=\"2015-03-20T13:58:59+00:00\" \/>\n<meta property=\"og:image\" content=\"https:\/\/www.hotelnoemi.com\/wp-content\/uploads\/2015\/03\/IMG_5444.jpg\" \/>\n\t<meta property=\"og:image:width\" content=\"2048\" \/>\n\t<meta property=\"og:image:height\" content=\"1365\" \/>\n\t<meta property=\"og:image:type\" content=\"image\/jpeg\" \/>\n<script type=\"application\/ld+json\" class=\"yoast-schema-graph\">{\"@context\":\"https:\/\/schema.org\",\"@graph\":[{\"@type\":\"WebPage\",\"@id\":\"https:\/\/www.hotelnoemi.com\/fr\/rooms\/\",\"url\":\"https:\/\/www.hotelnoemi.com\/fr\/rooms\/\",\"name\":\"Chambres - Hotel Noemi\",\"isPartOf\":{\"@id\":\"https:\/\/www.hotelnoemi.com\/#website\"},\"datePublished\":\"2014-03-10T20:31:23+00:00\",\"dateModified\":\"2015-03-20T13:58:59+00:00\",\"breadcrumb\":{\"@id\":\"https:\/\/www.hotelnoemi.com\/fr\/rooms\/#breadcrumb\"},\"inLanguage\":\"fr-FR\",\"potentialAction\":[{\"@type\":\"ReadAction\",\"target\":[\"https:\/\/www.hotelnoemi.com\/fr\/rooms\/\"]}]},{\"@type\":\"BreadcrumbList\",\"@id\":\"https:\/\/www.hotelnoemi.com\/fr\/rooms\/#breadcrumb\",\"itemListElement\":[{\"@type\":\"ListItem\",\"position\":1,\"name\":\"Home\",\"item\":\"https:\/\/www.hotelnoemi.com\/fr\/\"},{\"@type\":\"ListItem\",\"position\":2,\"name\":\"Chambres\"}]},{\"@type\":\"WebSite\",\"@id\":\"https:\/\/www.hotelnoemi.com\/#website\",\"url\":\"https:\/\/www.hotelnoemi.com\/\",\"name\":\"Hotel Noemi\",\"description\":\"San Marco Hotel\",\"potentialAction\":[{\"@type\":\"SearchAction\",\"target\":{\"@type\":\"EntryPoint\",\"urlTemplate\":\"https:\/\/www.hotelnoemi.com\/?s={search_term_string}\"},\"query-input\":\"required name=search_term_string\"}],\"inLanguage\":\"fr-FR\"}]}<\/script>\n<!-- \/ Yoast SEO plugin. -->","yoast_head_json":{"title":"Chambres - Hotel Noemi","robots":{"index":"index","follow":"follow","max-snippet":"max-snippet:-1","max-image-preview":"max-image-preview:large","max-video-preview":"max-video-preview:-1"},"canonical":"https:\/\/www.hotelnoemi.com\/fr\/rooms\/","og_locale":"fr_FR","og_type":"article","og_title":"Chambres - Hotel Noemi","og_description":"H\u00f4tel Noemi dispose de 16 chambres claires et confortables dot\u00e9es de services priv\u00e9s et meubl\u00e9es dans le style v\u00e9nitien du dix-huiti\u00e8me si\u00e8cle. Certaines d&rsquo;elles donnent sur la calle principaleToutes sont dot\u00e9es de s\u00e9che-cheveux, Tv-sat, t\u00e9l\u00e9phone, coffre, d&rsquo;air conditionn\u00e9 et internet. &nbsp;","og_url":"https:\/\/www.hotelnoemi.com\/fr\/rooms\/","og_site_name":"Hotel Noemi","article_modified_time":"2015-03-20T13:58:59+00:00","og_image":[{"width":2048,"height":1365,"url":"https:\/\/www.hotelnoemi.com\/wp-content\/uploads\/2015\/03\/IMG_5444.jpg","type":"image\/jpeg"}],"schema":{"@context":"https:\/\/schema.org","@graph":[{"@type":"WebPage","@id":"https:\/\/www.hotelnoemi.com\/fr\/rooms\/","url":"https:\/\/www.hotelnoemi.com\/fr\/rooms\/","name":"Chambres - Hotel Noemi","isPartOf":{"@id":"https:\/\/www.hotelnoemi.com\/#website"},"datePublished":"2014-03-10T20:31:23+00:00","dateModified":"2015-03-20T13:58:59+00:00","breadcrumb":{"@id":"https:\/\/www.hotelnoemi.com\/fr\/rooms\/#breadcrumb"},"inLanguage":"fr-FR","potentialAction":[{"@type":"ReadAction","target":["https:\/\/www.hotelnoemi.com\/fr\/rooms\/"]}]},{"@type":"BreadcrumbList","@id":"https:\/\/www.hotelnoemi.com\/fr\/rooms\/#breadcrumb","itemListElement":[{"@type":"ListItem","position":1,"name":"Home","item":"https:\/\/www.hotelnoemi.com\/fr\/"},{"@type":"ListItem","position":2,"name":"Chambres"}]},{"@type":"WebSite","@id":"https:\/\/www.hotelnoemi.com\/#website","url":"https:\/\/www.hotelnoemi.com\/","name":"Hotel Noemi","description":"San Marco Hotel","potentialAction":[{"@type":"SearchAction","target":{"@type":"EntryPoint","urlTemplate":"https:\/\/www.hotelnoemi.com\/?s={search_term_string}"},"query-input":"required name=search_term_string"}],"inLanguage":"fr-FR"}]}},"wps_subtitle":"","_links":{"self":[{"href":"https:\/\/www.hotelnoemi.com\/fr\/wp-json\/wp\/v2\/pages\/488","targetHints":{"allow":["GET"]}}],"collection":[{"href":"https:\/\/www.hotelnoemi.com\/fr\/wp-json\/wp\/v2\/pages"}],"about":[{"href":"https:\/\/www.hotelnoemi.com\/fr\/wp-json\/wp\/v2\/types\/page"}],"author":[{"embeddable":true,"href":"https:\/\/www.hotelnoemi.com\/fr\/wp-json\/wp\/v2\/users\/1"}],"replies":[{"embeddable":true,"href":"https:\/\/www.hotelnoemi.com\/fr\/wp-json\/wp\/v2\/comments?post=488"}],"version-history":[{"count":3,"href":"https:\/\/www.hotelnoemi.com\/fr\/wp-json\/wp\/v2\/pages\/488\/revisions"}],"predecessor-version":[{"id":1518,"href":"https:\/\/www.hotelnoemi.com\/fr\/wp-json\/wp\/v2\/pages\/488\/revisions\/1518"}],"wp:featuredmedia":[{"embeddable":true,"href":"https:\/\/www.hotelnoemi.com\/fr\/wp-json\/wp\/v2\/media\/1358"}],"wp:attachment":[{"href":"https:\/\/www.hotelnoemi.com\/fr\/wp-json\/wp\/v2\/media?parent=488"}],"curies":[{"name":"wp","href":"https:\/\/api.w.org\/{rel}","templated":true}]}}