{"id":546,"date":"2014-08-14T19:43:34","date_gmt":"2014-08-14T19:43:34","guid":{"rendered":"http:\/\/www.residenzagoldoni.com\/?page_id=546"},"modified":"2015-03-06T09:21:11","modified_gmt":"2015-03-06T09:21:11","slug":"position","status":"publish","type":"page","link":"https:\/\/www.hotelnoemi.com\/fr\/position\/","title":{"rendered":"Position"},"content":{"rendered":"<p>On peut ais\u00e9ment arriver \u00e0 l&rsquo;Hotel Noemi de l&rsquo;A\u00e9roport Marco Polo, de la Gare Santa Lucia et des Terminaux automobiles du Piazzale Roma et du Tronchetto.<\/p>\n<p>Informations:R\u00e9seau autoroutier: www.autostrade.it A\u00e9roport de Venise: www.veniceairport.it Lignes et les tarifs des vaporetto et autobus: www.actv.it Horaire des chemins de fer: www.fs-on-line.com De l&rsquo;a\u00e9roport Marco Polo de Tessera On conseille d&rsquo;utiliser le bateau public offert par Alilaguna, qui vous m\u00e8ne de l&rsquo;a\u00e9roport jusqu&rsquo;\u00e0 la Place Saint-Marc en 60 minutes, au prix de 9.80 Euro par personne. On traverse ensuite la Place Saint-Marc et, en prenant la Calle dei Fabbri (au coin du Caff\u00e8 Quadri), apr\u00e8s 50 m\u00e8tres on trouve l&rsquo;hotel \u00e0 gauche.<\/p>\n<p>En auto Apr\u00e8s avoir gar\u00e9 sa voiture dans un des parkings du Piazzale Roma ou au parking du Tronchetto, on gagne l&rsquo;arr\u00eat de la ligne 1 du bateau (direction Saint-Marc) et on descend \u00e0 l&rsquo;arr\u00eat du Pont de Rialto. D&rsquo;ici on prend la calle d&rsquo;en face (calle Bembo) et on va tout droit: au bout de 5 minutes on arrive \u00e0 l&rsquo;Hotel Noemi.<\/p>\n<p>Par le train On gagne l&rsquo;arr\u00eat de la ligne 1 du bateau (direction Saint-Marc) et on descend \u00e0 l&rsquo;arr\u00eat du Pont de Rialto. D&rsquo;ici on prend la calle d&rsquo;en face (calle Bembo) et on va tout droit: au bout de 5 minutes on arrive \u00e0 l&rsquo;Hotel Noemi.<\/p>\n","protected":false},"excerpt":{"rendered":"<p>On peut ais\u00e9ment arriver \u00e0 l&rsquo;Hotel Noemi de l&rsquo;A\u00e9roport Marco Polo, de la Gare Santa Lucia et des Terminaux automobiles du Piazzale Roma et du Tronchetto. Informations:R\u00e9seau autoroutier: www.autostrade.it A\u00e9roport de Venise: www.veniceairport.it Lignes et les tarifs des vaporetto et autobus: www.actv.it Horaire des chemins de fer: www.fs-on-line.com De l&rsquo;a\u00e9roport[&#8230;]<\/p>\n","protected":false},"author":1,"featured_media":1419,"parent":0,"menu_order":0,"comment_status":"closed","ping_status":"closed","template":"template-contact.php","meta":{"_monsterinsights_skip_tracking":false,"_monsterinsights_sitenote_active":false,"_monsterinsights_sitenote_note":"","_monsterinsights_sitenote_category":0,"footnotes":""},"class_list":["post-546","page","type-page","status-publish","has-post-thumbnail","hentry"],"yoast_head":"<!-- This site is optimized with the Yoast SEO plugin v19.13 - https:\/\/yoast.com\/wordpress\/plugins\/seo\/ -->\n<title>Position - Hotel Noemi<\/title>\n<meta name=\"robots\" content=\"index, follow, max-snippet:-1, max-image-preview:large, max-video-preview:-1\" \/>\n<link rel=\"canonical\" href=\"https:\/\/www.hotelnoemi.com\/fr\/position\/\" \/>\n<meta property=\"og:locale\" content=\"fr_FR\" \/>\n<meta property=\"og:type\" content=\"article\" \/>\n<meta property=\"og:title\" content=\"Position - Hotel Noemi\" \/>\n<meta property=\"og:description\" content=\"On peut ais\u00e9ment arriver \u00e0 l&rsquo;Hotel Noemi de l&rsquo;A\u00e9roport Marco Polo, de la Gare Santa Lucia et des Terminaux automobiles du Piazzale Roma et du Tronchetto. Informations:R\u00e9seau autoroutier: www.autostrade.it A\u00e9roport de Venise: www.veniceairport.it Lignes et les tarifs des vaporetto et autobus: www.actv.it Horaire des chemins de fer: www.fs-on-line.com De l&rsquo;a\u00e9roport[...]\" \/>\n<meta property=\"og:url\" content=\"https:\/\/www.hotelnoemi.com\/fr\/position\/\" \/>\n<meta property=\"og:site_name\" content=\"Hotel Noemi\" \/>\n<meta property=\"article:modified_time\" content=\"2015-03-06T09:21:11+00:00\" \/>\n<meta property=\"og:image\" content=\"https:\/\/www.hotelnoemi.com\/wp-content\/uploads\/2015\/03\/IMG_6605-2.jpg\" \/>\n\t<meta property=\"og:image:width\" content=\"2048\" \/>\n\t<meta property=\"og:image:height\" content=\"1365\" \/>\n\t<meta property=\"og:image:type\" content=\"image\/jpeg\" \/>\n<meta name=\"twitter:label1\" content=\"Dur\u00e9e de lecture estim\u00e9e\" \/>\n\t<meta name=\"twitter:data1\" content=\"1 minute\" \/>\n<script type=\"application\/ld+json\" class=\"yoast-schema-graph\">{\"@context\":\"https:\/\/schema.org\",\"@graph\":[{\"@type\":\"WebPage\",\"@id\":\"https:\/\/www.hotelnoemi.com\/fr\/position\/\",\"url\":\"https:\/\/www.hotelnoemi.com\/fr\/position\/\",\"name\":\"Position - Hotel Noemi\",\"isPartOf\":{\"@id\":\"https:\/\/www.hotelnoemi.com\/#website\"},\"datePublished\":\"2014-08-14T19:43:34+00:00\",\"dateModified\":\"2015-03-06T09:21:11+00:00\",\"breadcrumb\":{\"@id\":\"https:\/\/www.hotelnoemi.com\/fr\/position\/#breadcrumb\"},\"inLanguage\":\"fr-FR\",\"potentialAction\":[{\"@type\":\"ReadAction\",\"target\":[\"https:\/\/www.hotelnoemi.com\/fr\/position\/\"]}]},{\"@type\":\"BreadcrumbList\",\"@id\":\"https:\/\/www.hotelnoemi.com\/fr\/position\/#breadcrumb\",\"itemListElement\":[{\"@type\":\"ListItem\",\"position\":1,\"name\":\"Home\",\"item\":\"https:\/\/www.hotelnoemi.com\/fr\/\"},{\"@type\":\"ListItem\",\"position\":2,\"name\":\"Position\"}]},{\"@type\":\"WebSite\",\"@id\":\"https:\/\/www.hotelnoemi.com\/#website\",\"url\":\"https:\/\/www.hotelnoemi.com\/\",\"name\":\"Hotel Noemi\",\"description\":\"San Marco Hotel\",\"potentialAction\":[{\"@type\":\"SearchAction\",\"target\":{\"@type\":\"EntryPoint\",\"urlTemplate\":\"https:\/\/www.hotelnoemi.com\/?s={search_term_string}\"},\"query-input\":\"required name=search_term_string\"}],\"inLanguage\":\"fr-FR\"}]}<\/script>\n<!-- \/ Yoast SEO plugin. -->","yoast_head_json":{"title":"Position - Hotel Noemi","robots":{"index":"index","follow":"follow","max-snippet":"max-snippet:-1","max-image-preview":"max-image-preview:large","max-video-preview":"max-video-preview:-1"},"canonical":"https:\/\/www.hotelnoemi.com\/fr\/position\/","og_locale":"fr_FR","og_type":"article","og_title":"Position - Hotel Noemi","og_description":"On peut ais\u00e9ment arriver \u00e0 l&rsquo;Hotel Noemi de l&rsquo;A\u00e9roport Marco Polo, de la Gare Santa Lucia et des Terminaux automobiles du Piazzale Roma et du Tronchetto. Informations:R\u00e9seau autoroutier: www.autostrade.it A\u00e9roport de Venise: www.veniceairport.it Lignes et les tarifs des vaporetto et autobus: www.actv.it Horaire des chemins de fer: www.fs-on-line.com De l&rsquo;a\u00e9roport[...]","og_url":"https:\/\/www.hotelnoemi.com\/fr\/position\/","og_site_name":"Hotel Noemi","article_modified_time":"2015-03-06T09:21:11+00:00","og_image":[{"width":2048,"height":1365,"url":"https:\/\/www.hotelnoemi.com\/wp-content\/uploads\/2015\/03\/IMG_6605-2.jpg","type":"image\/jpeg"}],"twitter_misc":{"Dur\u00e9e de lecture estim\u00e9e":"1 minute"},"schema":{"@context":"https:\/\/schema.org","@graph":[{"@type":"WebPage","@id":"https:\/\/www.hotelnoemi.com\/fr\/position\/","url":"https:\/\/www.hotelnoemi.com\/fr\/position\/","name":"Position - Hotel Noemi","isPartOf":{"@id":"https:\/\/www.hotelnoemi.com\/#website"},"datePublished":"2014-08-14T19:43:34+00:00","dateModified":"2015-03-06T09:21:11+00:00","breadcrumb":{"@id":"https:\/\/www.hotelnoemi.com\/fr\/position\/#breadcrumb"},"inLanguage":"fr-FR","potentialAction":[{"@type":"ReadAction","target":["https:\/\/www.hotelnoemi.com\/fr\/position\/"]}]},{"@type":"BreadcrumbList","@id":"https:\/\/www.hotelnoemi.com\/fr\/position\/#breadcrumb","itemListElement":[{"@type":"ListItem","position":1,"name":"Home","item":"https:\/\/www.hotelnoemi.com\/fr\/"},{"@type":"ListItem","position":2,"name":"Position"}]},{"@type":"WebSite","@id":"https:\/\/www.hotelnoemi.com\/#website","url":"https:\/\/www.hotelnoemi.com\/","name":"Hotel Noemi","description":"San Marco Hotel","potentialAction":[{"@type":"SearchAction","target":{"@type":"EntryPoint","urlTemplate":"https:\/\/www.hotelnoemi.com\/?s={search_term_string}"},"query-input":"required name=search_term_string"}],"inLanguage":"fr-FR"}]}},"wps_subtitle":"","_links":{"self":[{"href":"https:\/\/www.hotelnoemi.com\/fr\/wp-json\/wp\/v2\/pages\/546","targetHints":{"allow":["GET"]}}],"collection":[{"href":"https:\/\/www.hotelnoemi.com\/fr\/wp-json\/wp\/v2\/pages"}],"about":[{"href":"https:\/\/www.hotelnoemi.com\/fr\/wp-json\/wp\/v2\/types\/page"}],"author":[{"embeddable":true,"href":"https:\/\/www.hotelnoemi.com\/fr\/wp-json\/wp\/v2\/users\/1"}],"replies":[{"embeddable":true,"href":"https:\/\/www.hotelnoemi.com\/fr\/wp-json\/wp\/v2\/comments?post=546"}],"version-history":[{"count":2,"href":"https:\/\/www.hotelnoemi.com\/fr\/wp-json\/wp\/v2\/pages\/546\/revisions"}],"predecessor-version":[{"id":1487,"href":"https:\/\/www.hotelnoemi.com\/fr\/wp-json\/wp\/v2\/pages\/546\/revisions\/1487"}],"wp:featuredmedia":[{"embeddable":true,"href":"https:\/\/www.hotelnoemi.com\/fr\/wp-json\/wp\/v2\/media\/1419"}],"wp:attachment":[{"href":"https:\/\/www.hotelnoemi.com\/fr\/wp-json\/wp\/v2\/media?parent=546"}],"curies":[{"name":"wp","href":"https:\/\/api.w.org\/{rel}","templated":true}]}}