{"id":581,"date":"2014-08-14T21:12:59","date_gmt":"2014-08-14T21:12:59","guid":{"rendered":"http:\/\/www.residenzagoldoni.com\/?page_id=581"},"modified":"2020-09-02T08:47:58","modified_gmt":"2020-09-02T08:47:58","slug":"reservation","status":"publish","type":"page","link":"https:\/\/www.hotelnoemi.com\/fr\/reservation\/","title":{"rendered":"Contact"},"content":{"rendered":"<p><em><strong>***Le concierge sera occup\u00e9 uniquement pendant la journ\u00e9e car pendant cette p\u00e9riode de Covid pour prot\u00e9ger la sant\u00e9 du personnel et des clients, nous avons mis en place un service d\u2019enregistrement automatique avec entr\u00e9e conditionnelle via un clavier \u00e9lectronique***<\/strong><\/em><\/p>\n<p>Pr\u00e9f\u00e9rez-vous plut\u00f4t demander des informations par courrier \u00e9lectronique \u00e0 notre personnel? Avez-vous certaines exigences particuli\u00e8res que notre syst\u00e8me de r\u00e9servation en ligne ne r\u00e9ussit pas \u00e0 satisfaire? Remplissez le formulaire de demande de disponibilit\u00e9, et vous recevrez toutes les r\u00e9ponses que vous attendez directement dans votre messagerie \u00e9lectronique.<\/p>\n<p><em><strong>S&rsquo;il vous pla\u00eet notez que si vous souhaitez apporter votre chien pendant votre s\u00e9jour il ya un suppl\u00e9ment de 10 \u20ac par nuit. Merci.<\/strong><\/em><\/p>\n","protected":false},"excerpt":{"rendered":"<p>***Le concierge sera occup\u00e9 uniquement pendant la journ\u00e9e car pendant cette p\u00e9riode de Covid pour prot\u00e9ger la sant\u00e9 du personnel et des clients, nous avons mis en place un service d\u2019enregistrement automatique avec entr\u00e9e conditionnelle via un clavier \u00e9lectronique*** Pr\u00e9f\u00e9rez-vous plut\u00f4t demander des informations par courrier \u00e9lectronique \u00e0 notre personnel?[&#8230;]<\/p>\n","protected":false},"author":1,"featured_media":0,"parent":0,"menu_order":0,"comment_status":"closed","ping_status":"closed","template":"template-booking.php","meta":{"_monsterinsights_skip_tracking":false,"_monsterinsights_sitenote_active":false,"_monsterinsights_sitenote_note":"","_monsterinsights_sitenote_category":0,"footnotes":""},"class_list":["post-581","page","type-page","status-publish","hentry"],"yoast_head":"<!-- This site is optimized with the Yoast SEO plugin v19.13 - https:\/\/yoast.com\/wordpress\/plugins\/seo\/ -->\n<title>Contact - Hotel Noemi<\/title>\n<meta name=\"robots\" content=\"index, follow, max-snippet:-1, max-image-preview:large, max-video-preview:-1\" \/>\n<link rel=\"canonical\" href=\"https:\/\/www.hotelnoemi.com\/fr\/reservation\/\" \/>\n<meta property=\"og:locale\" content=\"fr_FR\" \/>\n<meta property=\"og:type\" content=\"article\" \/>\n<meta property=\"og:title\" content=\"Contact - Hotel Noemi\" \/>\n<meta property=\"og:description\" content=\"***Le concierge sera occup\u00e9 uniquement pendant la journ\u00e9e car pendant cette p\u00e9riode de Covid pour prot\u00e9ger la sant\u00e9 du personnel et des clients, nous avons mis en place un service d\u2019enregistrement automatique avec entr\u00e9e conditionnelle via un clavier \u00e9lectronique*** Pr\u00e9f\u00e9rez-vous plut\u00f4t demander des informations par courrier \u00e9lectronique \u00e0 notre personnel?[...]\" \/>\n<meta property=\"og:url\" content=\"https:\/\/www.hotelnoemi.com\/fr\/reservation\/\" \/>\n<meta property=\"og:site_name\" content=\"Hotel Noemi\" \/>\n<meta property=\"article:modified_time\" content=\"2020-09-02T08:47:58+00:00\" \/>\n<meta name=\"twitter:label1\" content=\"Dur\u00e9e de lecture estim\u00e9e\" \/>\n\t<meta name=\"twitter:data1\" content=\"1 minute\" \/>\n<script type=\"application\/ld+json\" class=\"yoast-schema-graph\">{\"@context\":\"https:\/\/schema.org\",\"@graph\":[{\"@type\":\"WebPage\",\"@id\":\"https:\/\/www.hotelnoemi.com\/fr\/reservation\/\",\"url\":\"https:\/\/www.hotelnoemi.com\/fr\/reservation\/\",\"name\":\"Contact - Hotel Noemi\",\"isPartOf\":{\"@id\":\"https:\/\/www.hotelnoemi.com\/#website\"},\"datePublished\":\"2014-08-14T21:12:59+00:00\",\"dateModified\":\"2020-09-02T08:47:58+00:00\",\"breadcrumb\":{\"@id\":\"https:\/\/www.hotelnoemi.com\/fr\/reservation\/#breadcrumb\"},\"inLanguage\":\"fr-FR\",\"potentialAction\":[{\"@type\":\"ReadAction\",\"target\":[\"https:\/\/www.hotelnoemi.com\/fr\/reservation\/\"]}]},{\"@type\":\"BreadcrumbList\",\"@id\":\"https:\/\/www.hotelnoemi.com\/fr\/reservation\/#breadcrumb\",\"itemListElement\":[{\"@type\":\"ListItem\",\"position\":1,\"name\":\"Home\",\"item\":\"https:\/\/www.hotelnoemi.com\/fr\/\"},{\"@type\":\"ListItem\",\"position\":2,\"name\":\"Contact\"}]},{\"@type\":\"WebSite\",\"@id\":\"https:\/\/www.hotelnoemi.com\/#website\",\"url\":\"https:\/\/www.hotelnoemi.com\/\",\"name\":\"Hotel Noemi\",\"description\":\"San Marco Hotel\",\"potentialAction\":[{\"@type\":\"SearchAction\",\"target\":{\"@type\":\"EntryPoint\",\"urlTemplate\":\"https:\/\/www.hotelnoemi.com\/?s={search_term_string}\"},\"query-input\":\"required name=search_term_string\"}],\"inLanguage\":\"fr-FR\"}]}<\/script>\n<!-- \/ Yoast SEO plugin. -->","yoast_head_json":{"title":"Contact - Hotel Noemi","robots":{"index":"index","follow":"follow","max-snippet":"max-snippet:-1","max-image-preview":"max-image-preview:large","max-video-preview":"max-video-preview:-1"},"canonical":"https:\/\/www.hotelnoemi.com\/fr\/reservation\/","og_locale":"fr_FR","og_type":"article","og_title":"Contact - Hotel Noemi","og_description":"***Le concierge sera occup\u00e9 uniquement pendant la journ\u00e9e car pendant cette p\u00e9riode de Covid pour prot\u00e9ger la sant\u00e9 du personnel et des clients, nous avons mis en place un service d\u2019enregistrement automatique avec entr\u00e9e conditionnelle via un clavier \u00e9lectronique*** Pr\u00e9f\u00e9rez-vous plut\u00f4t demander des informations par courrier \u00e9lectronique \u00e0 notre personnel?[...]","og_url":"https:\/\/www.hotelnoemi.com\/fr\/reservation\/","og_site_name":"Hotel Noemi","article_modified_time":"2020-09-02T08:47:58+00:00","twitter_misc":{"Dur\u00e9e de lecture estim\u00e9e":"1 minute"},"schema":{"@context":"https:\/\/schema.org","@graph":[{"@type":"WebPage","@id":"https:\/\/www.hotelnoemi.com\/fr\/reservation\/","url":"https:\/\/www.hotelnoemi.com\/fr\/reservation\/","name":"Contact - Hotel Noemi","isPartOf":{"@id":"https:\/\/www.hotelnoemi.com\/#website"},"datePublished":"2014-08-14T21:12:59+00:00","dateModified":"2020-09-02T08:47:58+00:00","breadcrumb":{"@id":"https:\/\/www.hotelnoemi.com\/fr\/reservation\/#breadcrumb"},"inLanguage":"fr-FR","potentialAction":[{"@type":"ReadAction","target":["https:\/\/www.hotelnoemi.com\/fr\/reservation\/"]}]},{"@type":"BreadcrumbList","@id":"https:\/\/www.hotelnoemi.com\/fr\/reservation\/#breadcrumb","itemListElement":[{"@type":"ListItem","position":1,"name":"Home","item":"https:\/\/www.hotelnoemi.com\/fr\/"},{"@type":"ListItem","position":2,"name":"Contact"}]},{"@type":"WebSite","@id":"https:\/\/www.hotelnoemi.com\/#website","url":"https:\/\/www.hotelnoemi.com\/","name":"Hotel Noemi","description":"San Marco Hotel","potentialAction":[{"@type":"SearchAction","target":{"@type":"EntryPoint","urlTemplate":"https:\/\/www.hotelnoemi.com\/?s={search_term_string}"},"query-input":"required name=search_term_string"}],"inLanguage":"fr-FR"}]}},"wps_subtitle":"","_links":{"self":[{"href":"https:\/\/www.hotelnoemi.com\/fr\/wp-json\/wp\/v2\/pages\/581","targetHints":{"allow":["GET"]}}],"collection":[{"href":"https:\/\/www.hotelnoemi.com\/fr\/wp-json\/wp\/v2\/pages"}],"about":[{"href":"https:\/\/www.hotelnoemi.com\/fr\/wp-json\/wp\/v2\/types\/page"}],"author":[{"embeddable":true,"href":"https:\/\/www.hotelnoemi.com\/fr\/wp-json\/wp\/v2\/users\/1"}],"replies":[{"embeddable":true,"href":"https:\/\/www.hotelnoemi.com\/fr\/wp-json\/wp\/v2\/comments?post=581"}],"version-history":[{"count":4,"href":"https:\/\/www.hotelnoemi.com\/fr\/wp-json\/wp\/v2\/pages\/581\/revisions"}],"predecessor-version":[{"id":1647,"href":"https:\/\/www.hotelnoemi.com\/fr\/wp-json\/wp\/v2\/pages\/581\/revisions\/1647"}],"wp:attachment":[{"href":"https:\/\/www.hotelnoemi.com\/fr\/wp-json\/wp\/v2\/media?parent=581"}],"curies":[{"name":"wp","href":"https:\/\/api.w.org\/{rel}","templated":true}]}}